{"id":18,"date":"2022-04-22T08:21:34","date_gmt":"2022-04-22T08:21:34","guid":{"rendered":"https:\/\/www.tc26-bijoux.com\/?page_id=18"},"modified":"2025-04-22T13:17:07","modified_gmt":"2025-04-22T13:17:07","slug":"bijouterie-tc26","status":"publish","type":"page","link":"https:\/\/www.tc26-bijoux.com\/?page_id=18","title":{"rendered":"Bijouterie-tc26"},"content":{"rendered":"","protected":false},"excerpt":{"rendered":"","protected":false},"author":1,"featured_media":0,"parent":0,"menu_order":0,"comment_status":"open","ping_status":"closed","template":"","meta":{"_seopress_robots_primary_cat":"","_seopress_titles_title":"Bijouterie TC26 : \u00c9clat et \u00e9l\u00e9gance \u00e0 chaque bijou","_seopress_titles_desc":"D\u00e9couvrez l'\u00e9l\u00e9gance unique de la Bijouterie TC26. Bijoux raffin\u00e9s et cr\u00e9ations sur mesure vous attendent. Explorez notre collection d\u00e8s aujourd'hui !","_seopress_robots_index":"","_seopress_analysis_target_kw":"","iawp_total_views":227,"footnotes":""},"class_list":["post-18","page","type-page","status-publish","hentry"],"_links":{"self":[{"href":"https:\/\/www.tc26-bijoux.com\/index.php?rest_route=\/wp\/v2\/pages\/18","targetHints":{"allow":["GET"]}}],"collection":[{"href":"https:\/\/www.tc26-bijoux.com\/index.php?rest_route=\/wp\/v2\/pages"}],"about":[{"href":"https:\/\/www.tc26-bijoux.com\/index.php?rest_route=\/wp\/v2\/types\/page"}],"author":[{"embeddable":true,"href":"https:\/\/www.tc26-bijoux.com\/index.php?rest_route=\/wp\/v2\/users\/1"}],"replies":[{"embeddable":true,"href":"https:\/\/www.tc26-bijoux.com\/index.php?rest_route=%2Fwp%2Fv2%2Fcomments&post=18"}],"version-history":[{"count":1,"href":"https:\/\/www.tc26-bijoux.com\/index.php?rest_route=\/wp\/v2\/pages\/18\/revisions"}],"predecessor-version":[{"id":15183,"href":"https:\/\/www.tc26-bijoux.com\/index.php?rest_route=\/wp\/v2\/pages\/18\/revisions\/15183"}],"wp:attachment":[{"href":"https:\/\/www.tc26-bijoux.com\/index.php?rest_route=%2Fwp%2Fv2%2Fmedia&parent=18"}],"curies":[{"name":"wp","href":"https:\/\/api.w.org\/{rel}","templated":true}]}}