{"id":20,"date":"2022-04-22T08:21:54","date_gmt":"2022-04-22T08:21:54","guid":{"rendered":"https:\/\/www.tc26-bijoux.com\/?page_id=20"},"modified":"2025-03-20T17:16:31","modified_gmt":"2025-03-20T17:16:31","slug":"notre-atelier","status":"publish","type":"page","link":"https:\/\/www.tc26-bijoux.com\/?page_id=20","title":{"rendered":"L&rsquo;atelier Parisien"},"content":{"rendered":"","protected":false},"excerpt":{"rendered":"","protected":false},"author":1,"featured_media":0,"parent":0,"menu_order":0,"comment_status":"open","ping_status":"closed","template":"","meta":{"_seopress_robots_primary_cat":"","_seopress_titles_title":"D\u00e9couvrez l'artisanat unique chez TC26 Bijoux","_seopress_titles_desc":"D\u00e9couvrez l'artisanat unique de notre atelier de bijoux, o\u00f9 chaque pi\u00e8ce raconte une histoire. Personnalisation et savoir-faire garanti.","_seopress_robots_index":"","_seopress_analysis_target_kw":"","iawp_total_views":398,"footnotes":""},"class_list":["post-20","page","type-page","status-publish","hentry"],"_links":{"self":[{"href":"https:\/\/www.tc26-bijoux.com\/index.php?rest_route=\/wp\/v2\/pages\/20","targetHints":{"allow":["GET"]}}],"collection":[{"href":"https:\/\/www.tc26-bijoux.com\/index.php?rest_route=\/wp\/v2\/pages"}],"about":[{"href":"https:\/\/www.tc26-bijoux.com\/index.php?rest_route=\/wp\/v2\/types\/page"}],"author":[{"embeddable":true,"href":"https:\/\/www.tc26-bijoux.com\/index.php?rest_route=\/wp\/v2\/users\/1"}],"replies":[{"embeddable":true,"href":"https:\/\/www.tc26-bijoux.com\/index.php?rest_route=%2Fwp%2Fv2%2Fcomments&post=20"}],"version-history":[{"count":1,"href":"https:\/\/www.tc26-bijoux.com\/index.php?rest_route=\/wp\/v2\/pages\/20\/revisions"}],"predecessor-version":[{"id":61062,"href":"https:\/\/www.tc26-bijoux.com\/index.php?rest_route=\/wp\/v2\/pages\/20\/revisions\/61062"}],"wp:attachment":[{"href":"https:\/\/www.tc26-bijoux.com\/index.php?rest_route=%2Fwp%2Fv2%2Fmedia&parent=20"}],"curies":[{"name":"wp","href":"https:\/\/api.w.org\/{rel}","templated":true}]}}