{"id":322,"date":"2022-04-28T13:16:07","date_gmt":"2022-04-28T13:16:07","guid":{"rendered":"https:\/\/www.tc26-bijoux.com\/?page_id=322"},"modified":"2022-04-28T13:16:08","modified_gmt":"2022-04-28T13:16:08","slug":"wishlist","status":"publish","type":"page","link":"https:\/\/www.tc26-bijoux.com\/?page_id=322","title":{"rendered":"Wishlist"},"content":{"rendered":"","protected":false},"excerpt":{"rendered":"","protected":false},"author":1,"featured_media":0,"parent":0,"menu_order":0,"comment_status":"open","ping_status":"closed","template":"","meta":{"_seopress_robots_primary_cat":"","_seopress_titles_title":"Ajoutez vos bijoux pr\u00e9f\u00e9r\u00e9s \u00e0 votre liste coup de c\u0153ur","_seopress_titles_desc":"Cr\u00e9ez votre liste de souhaits avec TC26 Bijoux et gardez vos bijoux pr\u00e9f\u00e9r\u00e9s \u00e0 port\u00e9e de main. D\u00e9couvrez nos collections uniques et scintillantes !","_seopress_robots_index":"","_seopress_analysis_target_kw":"","iawp_total_views":18,"footnotes":""},"class_list":["post-322","page","type-page","status-publish","hentry"],"_links":{"self":[{"href":"https:\/\/www.tc26-bijoux.com\/index.php?rest_route=\/wp\/v2\/pages\/322","targetHints":{"allow":["GET"]}}],"collection":[{"href":"https:\/\/www.tc26-bijoux.com\/index.php?rest_route=\/wp\/v2\/pages"}],"about":[{"href":"https:\/\/www.tc26-bijoux.com\/index.php?rest_route=\/wp\/v2\/types\/page"}],"author":[{"embeddable":true,"href":"https:\/\/www.tc26-bijoux.com\/index.php?rest_route=\/wp\/v2\/users\/1"}],"replies":[{"embeddable":true,"href":"https:\/\/www.tc26-bijoux.com\/index.php?rest_route=%2Fwp%2Fv2%2Fcomments&post=322"}],"version-history":[{"count":0,"href":"https:\/\/www.tc26-bijoux.com\/index.php?rest_route=\/wp\/v2\/pages\/322\/revisions"}],"wp:attachment":[{"href":"https:\/\/www.tc26-bijoux.com\/index.php?rest_route=%2Fwp%2Fv2%2Fmedia&parent=322"}],"curies":[{"name":"wp","href":"https:\/\/api.w.org\/{rel}","templated":true}]}}