{"id":411,"date":"2025-03-06T11:01:34","date_gmt":"2025-03-06T10:01:34","guid":{"rendered":"https:\/\/www.tc26-bijoux.com\/?page_id=411"},"modified":"2025-03-06T10:02:24","modified_gmt":"2025-03-06T10:02:24","slug":"conditions-generales-de-ventes","status":"publish","type":"page","link":"https:\/\/www.tc26-bijoux.com\/?page_id=411","title":{"rendered":"Conditions g\u00e9n\u00e9rales de ventes"},"content":{"rendered":"","protected":false},"excerpt":{"rendered":"","protected":false},"author":1,"featured_media":0,"parent":0,"menu_order":0,"comment_status":"closed","ping_status":"closed","template":"","meta":{"_seopress_robots_primary_cat":"","_seopress_titles_title":"CGV de TC26 Bijoux: Achetez en Toute Confiance","_seopress_titles_desc":"D\u00e9couvrez les conditions de vente de TC26 Bijoux, votre r\u00e9f\u00e9rence pour des bijoux uniques. Parcourez nos termes pour un achat en toute confiance.","_seopress_robots_index":"","_seopress_analysis_target_kw":"","iawp_total_views":18,"footnotes":""},"class_list":["post-411","page","type-page","status-publish","hentry"],"_links":{"self":[{"href":"https:\/\/www.tc26-bijoux.com\/index.php?rest_route=\/wp\/v2\/pages\/411","targetHints":{"allow":["GET"]}}],"collection":[{"href":"https:\/\/www.tc26-bijoux.com\/index.php?rest_route=\/wp\/v2\/pages"}],"about":[{"href":"https:\/\/www.tc26-bijoux.com\/index.php?rest_route=\/wp\/v2\/types\/page"}],"author":[{"embeddable":true,"href":"https:\/\/www.tc26-bijoux.com\/index.php?rest_route=\/wp\/v2\/users\/1"}],"replies":[{"embeddable":true,"href":"https:\/\/www.tc26-bijoux.com\/index.php?rest_route=%2Fwp%2Fv2%2Fcomments&post=411"}],"version-history":[{"count":1,"href":"https:\/\/www.tc26-bijoux.com\/index.php?rest_route=\/wp\/v2\/pages\/411\/revisions"}],"predecessor-version":[{"id":412,"href":"https:\/\/www.tc26-bijoux.com\/index.php?rest_route=\/wp\/v2\/pages\/411\/revisions\/412"}],"wp:attachment":[{"href":"https:\/\/www.tc26-bijoux.com\/index.php?rest_route=%2Fwp%2Fv2%2Fmedia&parent=411"}],"curies":[{"name":"wp","href":"https:\/\/api.w.org\/{rel}","templated":true}]}}