{"id":61072,"date":"2025-03-18T09:45:46","date_gmt":"2025-03-18T08:45:46","guid":{"rendered":"https:\/\/www.tc26-bijoux.com\/?page_id=61072"},"modified":"2026-03-23T11:50:50","modified_gmt":"2026-03-23T10:50:50","slug":"nouveautes","status":"publish","type":"page","link":"https:\/\/www.tc26-bijoux.com\/?page_id=61072","title":{"rendered":"Nouveaut\u00e9s"},"content":{"rendered":"","protected":false},"excerpt":{"rendered":"","protected":false},"author":1,"featured_media":0,"parent":0,"menu_order":0,"comment_status":"closed","ping_status":"closed","template":"","meta":{"_seopress_robots_primary_cat":"","_seopress_titles_title":"Bijoux Nouveaut\u00e9s: D\u00e9couvrez Nos Cr\u00e9ations Tendance","_seopress_titles_desc":"D\u00e9couvrez les nouveaut\u00e9s scintillantes sur TC26 Bijoux. Trouvez la pi\u00e8ce parfaite pour briller et impressionner d\u00e8s aujourd'hui !","_seopress_robots_index":"","_seopress_analysis_target_kw":"","iawp_total_views":287,"footnotes":""},"class_list":["post-61072","page","type-page","status-publish","hentry"],"_links":{"self":[{"href":"https:\/\/www.tc26-bijoux.com\/index.php?rest_route=\/wp\/v2\/pages\/61072","targetHints":{"allow":["GET"]}}],"collection":[{"href":"https:\/\/www.tc26-bijoux.com\/index.php?rest_route=\/wp\/v2\/pages"}],"about":[{"href":"https:\/\/www.tc26-bijoux.com\/index.php?rest_route=\/wp\/v2\/types\/page"}],"author":[{"embeddable":true,"href":"https:\/\/www.tc26-bijoux.com\/index.php?rest_route=\/wp\/v2\/users\/1"}],"replies":[{"embeddable":true,"href":"https:\/\/www.tc26-bijoux.com\/index.php?rest_route=%2Fwp%2Fv2%2Fcomments&post=61072"}],"version-history":[{"count":1,"href":"https:\/\/www.tc26-bijoux.com\/index.php?rest_route=\/wp\/v2\/pages\/61072\/revisions"}],"predecessor-version":[{"id":61073,"href":"https:\/\/www.tc26-bijoux.com\/index.php?rest_route=\/wp\/v2\/pages\/61072\/revisions\/61073"}],"wp:attachment":[{"href":"https:\/\/www.tc26-bijoux.com\/index.php?rest_route=%2Fwp%2Fv2%2Fmedia&parent=61072"}],"curies":[{"name":"wp","href":"https:\/\/api.w.org\/{rel}","templated":true}]}}