{"id":61079,"date":"2025-03-18T11:17:14","date_gmt":"2025-03-18T10:17:14","guid":{"rendered":"https:\/\/www.tc26-bijoux.com\/?page_id=61079"},"modified":"2025-03-18T10:18:04","modified_gmt":"2025-03-18T10:18:04","slug":"mentions-legales","status":"publish","type":"page","link":"https:\/\/www.tc26-bijoux.com\/?page_id=61079","title":{"rendered":"Mentions l\u00e9gales"},"content":{"rendered":"","protected":false},"excerpt":{"rendered":"","protected":false},"author":1,"featured_media":0,"parent":0,"menu_order":0,"comment_status":"closed","ping_status":"closed","template":"","meta":{"_seopress_robots_primary_cat":"","_seopress_titles_title":"Mentions l\u00e9gales de TC26 Bijoux : notre engagement","_seopress_titles_desc":"D\u00e9couvrez les mentions l\u00e9gales du site TC26 Bijoux, votre source de confiance pour l'achat de bijoux exquis en ligne.","_seopress_robots_index":"","_seopress_analysis_target_kw":"","iawp_total_views":42,"footnotes":""},"class_list":["post-61079","page","type-page","status-publish","hentry"],"_links":{"self":[{"href":"https:\/\/www.tc26-bijoux.com\/index.php?rest_route=\/wp\/v2\/pages\/61079","targetHints":{"allow":["GET"]}}],"collection":[{"href":"https:\/\/www.tc26-bijoux.com\/index.php?rest_route=\/wp\/v2\/pages"}],"about":[{"href":"https:\/\/www.tc26-bijoux.com\/index.php?rest_route=\/wp\/v2\/types\/page"}],"author":[{"embeddable":true,"href":"https:\/\/www.tc26-bijoux.com\/index.php?rest_route=\/wp\/v2\/users\/1"}],"replies":[{"embeddable":true,"href":"https:\/\/www.tc26-bijoux.com\/index.php?rest_route=%2Fwp%2Fv2%2Fcomments&post=61079"}],"version-history":[{"count":1,"href":"https:\/\/www.tc26-bijoux.com\/index.php?rest_route=\/wp\/v2\/pages\/61079\/revisions"}],"predecessor-version":[{"id":61082,"href":"https:\/\/www.tc26-bijoux.com\/index.php?rest_route=\/wp\/v2\/pages\/61079\/revisions\/61082"}],"wp:attachment":[{"href":"https:\/\/www.tc26-bijoux.com\/index.php?rest_route=%2Fwp%2Fv2%2Fmedia&parent=61079"}],"curies":[{"name":"wp","href":"https:\/\/api.w.org\/{rel}","templated":true}]}}