{"id":61083,"date":"2025-03-18T11:19:24","date_gmt":"2025-03-18T10:19:24","guid":{"rendered":"https:\/\/www.tc26-bijoux.com\/?page_id=61083"},"modified":"2025-03-18T10:20:19","modified_gmt":"2025-03-18T10:20:19","slug":"livraison","status":"publish","type":"page","link":"https:\/\/www.tc26-bijoux.com\/?page_id=61083","title":{"rendered":"Livraison"},"content":{"rendered":"","protected":false},"excerpt":{"rendered":"","protected":false},"author":1,"featured_media":0,"parent":0,"menu_order":0,"comment_status":"closed","ping_status":"closed","template":"","meta":{"_seopress_robots_primary_cat":"","_seopress_titles_title":"Livraison Rapide - TC26 Bijoux, votre \u00e9l\u00e9gance livr\u00e9e","_seopress_titles_desc":"D\u00e9couvrez notre service de livraison gratuite et rapide garanti pour vos bijoux pr\u00e9f\u00e9r\u00e9s. Commandez sans souci, \u00e9conomisez et brillez !","_seopress_robots_index":"","_seopress_analysis_target_kw":"","iawp_total_views":3,"footnotes":""},"class_list":["post-61083","page","type-page","status-publish","hentry"],"_links":{"self":[{"href":"https:\/\/www.tc26-bijoux.com\/index.php?rest_route=\/wp\/v2\/pages\/61083","targetHints":{"allow":["GET"]}}],"collection":[{"href":"https:\/\/www.tc26-bijoux.com\/index.php?rest_route=\/wp\/v2\/pages"}],"about":[{"href":"https:\/\/www.tc26-bijoux.com\/index.php?rest_route=\/wp\/v2\/types\/page"}],"author":[{"embeddable":true,"href":"https:\/\/www.tc26-bijoux.com\/index.php?rest_route=\/wp\/v2\/users\/1"}],"replies":[{"embeddable":true,"href":"https:\/\/www.tc26-bijoux.com\/index.php?rest_route=%2Fwp%2Fv2%2Fcomments&post=61083"}],"version-history":[{"count":1,"href":"https:\/\/www.tc26-bijoux.com\/index.php?rest_route=\/wp\/v2\/pages\/61083\/revisions"}],"predecessor-version":[{"id":61086,"href":"https:\/\/www.tc26-bijoux.com\/index.php?rest_route=\/wp\/v2\/pages\/61083\/revisions\/61086"}],"wp:attachment":[{"href":"https:\/\/www.tc26-bijoux.com\/index.php?rest_route=%2Fwp%2Fv2%2Fmedia&parent=61083"}],"curies":[{"name":"wp","href":"https:\/\/api.w.org\/{rel}","templated":true}]}}