{"id":19077,"date":"2025-03-11T15:26:25","date_gmt":"2025-03-11T14:26:25","guid":{"rendered":"https:\/\/www.tc26-bijoux.com\/?post_type=product&#038;p=19077"},"modified":"2025-03-21T13:07:42","modified_gmt":"2025-03-21T12:07:42","slug":"demie-alliance-diamants-audelia","status":"publish","type":"product","link":"https:\/\/www.tc26-bijoux.com\/?product=demie-alliance-diamants-audelia","title":{"rendered":"Demie Alliance Diamants Audelia"},"content":{"rendered":"<p>La demi-alliance Audelia en or 18 carats et diamants est un bijou \u00e9blouissant disponible en diff\u00e9rentes couleurs d&rsquo;or : blanc, jaune et rose. Elle est orn\u00e9e de cinq diamants d&rsquo;une couleur G et d&rsquo;une puret\u00e9 de VS, offrant une brillance remarquable. Le poids total des diamants varie entre 0,30 carats et 3,00 carats, selon votre choix. La largeur de la bande de la demi-alliance varie \u00e9galement entre 1,7 mm et 2,3 mm, ajoutant une touche de sophistication \u00e0 ce bijou. La demi-alliance Audelia est le choix id\u00e9al pour symboliser l&rsquo;amour et l&rsquo;engagement avec \u00e9l\u00e9gance et \u00e9clat.<\/p>\n","protected":false},"excerpt":{"rendered":"<p>Mati\u00e8re\u00a0: Or \u00a018 Carats<\/p>\n<p>Couleur m\u00e9tal\u00a0: Blanc \/Jaune \/Rose<\/p>\n<p>Nature des\u00a0Pierres\u00a0: Diamants\u00a0<\/p>\n<p>Couleur : G<\/p>\n<p>Puret\u00e9 Diamants\u00a0\u00a0: VS<\/p>\n<p>Poids total\u00a0\u00a0\u00a0:\u00a0 0.30 \/ 0.50 \/ 0.75 \/ 1.00\u00a0\/\u00a0 1.50\u00a0\u00a0\/ 2.00 \/ 3.00\u00a0 Carats<\/p>\n<p>Nombre de Pierres\u00a0\u00a0: 5\u00a0Diamants\u00a0\u00a0<\/p>\n<p>Largeur de la bande\u00a0: 1.7 \/ 1.9 \/ 2.0 \/ 2.1\u00a0\/ 2.2\u00a0\/ 2.3 \/ 2.3\u00a0 mm<\/p>\n<p>Reference :\u00a0 XYR6744\u00a0\/\u00a0 XYR6745\u00a0\/ XYR6746 \/\u00a0 XYR6747\u00a0\/ XYR6750\u00a0\/\u00a0\u00a0 XYR6748\u00a0\/\u00a0 XYR6749<\/p>\n","protected":false},"featured_media":11305,"template":"","meta":{"_seopress_robots_primary_cat":"","_seopress_titles_title":"","_seopress_titles_desc":"","_seopress_robots_index":"","_seopress_analysis_target_kw":"","iawp_total_views":7},"product_brand":[],"product_cat":[120],"product_tag":[],"class_list":{"0":"post-19077","1":"product","2":"type-product","3":"status-publish","4":"has-post-thumbnail","6":"product_cat-alliances-or-diamants","8":"first","9":"instock","10":"shipping-taxable","11":"purchasable","12":"product-type-variable"},"_links":{"self":[{"href":"https:\/\/www.tc26-bijoux.com\/index.php?rest_route=\/wp\/v2\/product\/19077","targetHints":{"allow":["GET"]}}],"collection":[{"href":"https:\/\/www.tc26-bijoux.com\/index.php?rest_route=\/wp\/v2\/product"}],"about":[{"href":"https:\/\/www.tc26-bijoux.com\/index.php?rest_route=\/wp\/v2\/types\/product"}],"wp:featuredmedia":[{"embeddable":true,"href":"https:\/\/www.tc26-bijoux.com\/index.php?rest_route=\/wp\/v2\/media\/11305"}],"wp:attachment":[{"href":"https:\/\/www.tc26-bijoux.com\/index.php?rest_route=%2Fwp%2Fv2%2Fmedia&parent=19077"}],"wp:term":[{"taxonomy":"product_brand","embeddable":true,"href":"https:\/\/www.tc26-bijoux.com\/index.php?rest_route=%2Fwp%2Fv2%2Fproduct_brand&post=19077"},{"taxonomy":"product_cat","embeddable":true,"href":"https:\/\/www.tc26-bijoux.com\/index.php?rest_route=%2Fwp%2Fv2%2Fproduct_cat&post=19077"},{"taxonomy":"product_tag","embeddable":true,"href":"https:\/\/www.tc26-bijoux.com\/index.php?rest_route=%2Fwp%2Fv2%2Fproduct_tag&post=19077"}],"curies":[{"name":"wp","href":"https:\/\/api.w.org\/{rel}","templated":true}]}}