{"id":23535,"date":"2025-03-11T16:24:22","date_gmt":"2025-03-11T15:24:22","guid":{"rendered":"https:\/\/www.tc26-bijoux.com\/?post_type=product&#038;p=23535"},"modified":"2025-03-21T13:14:10","modified_gmt":"2025-03-21T12:14:10","slug":"alliance-or-jaune-marina","status":"publish","type":"product","link":"https:\/\/www.tc26-bijoux.com\/?product=alliance-or-jaune-marina","title":{"rendered":"Alliance Or jaune Marina"},"content":{"rendered":"<p>L&rsquo;alliance Or 18 Carats Marina est une pi\u00e8ce \u00e9l\u00e9gante et raffin\u00e9e. Fabriqu\u00e9e en or 18 carats, elle offre une qualit\u00e9 sup\u00e9rieure et une finition luxueuse. Cette alliance est disponible en trois options de couleur : jaune, blanc et rose, vous permettant de choisir celle qui correspond le mieux \u00e0 votre style et \u00e0 vos pr\u00e9f\u00e9rences. Avec son design intemporel et sa beaut\u00e9 polyvalente, l&rsquo;alliance Marina est un choix parfait pour symboliser l&rsquo;amour et l&rsquo;engagement. Quelle que soit la couleur choisie, cette alliance sera un v\u00e9ritable symbole de votre relation pr\u00e9cieuse.<\/p>\n","protected":false},"excerpt":{"rendered":"<p>Mati\u00e8re : Or 18 Carats<\/p>\n<p>Couleur m\u00e9tal : Jaune\/Blanc\/Rose<\/p>\n<p>R\u00e9f\u00e9rence :DJ20JB<\/p>\n","protected":false},"featured_media":12796,"template":"","meta":{"_seopress_robots_primary_cat":"","_seopress_titles_title":"","_seopress_titles_desc":"","_seopress_robots_index":"","_seopress_analysis_target_kw":"","iawp_total_views":8},"product_brand":[],"product_cat":[79],"product_tag":[],"class_list":{"0":"post-23535","1":"product","2":"type-product","3":"status-publish","4":"has-post-thumbnail","6":"product_cat-alliances-or","8":"first","9":"instock","10":"shipping-taxable","11":"purchasable","12":"product-type-variable"},"_links":{"self":[{"href":"https:\/\/www.tc26-bijoux.com\/index.php?rest_route=\/wp\/v2\/product\/23535","targetHints":{"allow":["GET"]}}],"collection":[{"href":"https:\/\/www.tc26-bijoux.com\/index.php?rest_route=\/wp\/v2\/product"}],"about":[{"href":"https:\/\/www.tc26-bijoux.com\/index.php?rest_route=\/wp\/v2\/types\/product"}],"wp:featuredmedia":[{"embeddable":true,"href":"https:\/\/www.tc26-bijoux.com\/index.php?rest_route=\/wp\/v2\/media\/12796"}],"wp:attachment":[{"href":"https:\/\/www.tc26-bijoux.com\/index.php?rest_route=%2Fwp%2Fv2%2Fmedia&parent=23535"}],"wp:term":[{"taxonomy":"product_brand","embeddable":true,"href":"https:\/\/www.tc26-bijoux.com\/index.php?rest_route=%2Fwp%2Fv2%2Fproduct_brand&post=23535"},{"taxonomy":"product_cat","embeddable":true,"href":"https:\/\/www.tc26-bijoux.com\/index.php?rest_route=%2Fwp%2Fv2%2Fproduct_cat&post=23535"},{"taxonomy":"product_tag","embeddable":true,"href":"https:\/\/www.tc26-bijoux.com\/index.php?rest_route=%2Fwp%2Fv2%2Fproduct_tag&post=23535"}],"curies":[{"name":"wp","href":"https:\/\/api.w.org\/{rel}","templated":true}]}}