{"id":23646,"date":"2025-03-11T16:24:39","date_gmt":"2025-03-11T15:24:39","guid":{"rendered":"https:\/\/www.tc26-bijoux.com\/?post_type=product&#038;p=23646"},"modified":"2025-03-21T13:14:22","modified_gmt":"2025-03-21T12:14:22","slug":"alliance-or-blanc-stella","status":"publish","type":"product","link":"https:\/\/www.tc26-bijoux.com\/?product=alliance-or-blanc-stella","title":{"rendered":"Alliance Or blanc Stella"},"content":{"rendered":"<p>L&rsquo;alliance Stella en or 18 carats est disponible dans trois options de couleur : blanc, jaune et rose. Cette alliance est con\u00e7ue pour symboliser l&rsquo;union et la connexion entre deux personnes. Avec son design \u00e9l\u00e9gant et sa finition en or 18 carats, cette alliance apporte une touche de sophistication et de beaut\u00e9 \u00e0 votre doigt. Que vous pr\u00e9f\u00e9riez le blanc classique, le jaune chaleureux ou le rose d\u00e9licat, l&rsquo;alliance Stella en or 18 carats est un choix intemporel et raffin\u00e9.<\/p>\n","protected":false},"excerpt":{"rendered":"<p>Mati\u00e8re : Or\u00a018 Carats<\/p>\n<p>Couleur m\u00e9tal : Blanc\/Jaune\/ Rose<\/p>\n<p>R\u00e9f\u00e9rence :DJ20GB<\/p>\n","protected":false},"featured_media":12794,"template":"","meta":{"_seopress_robots_primary_cat":"","_seopress_titles_title":"","_seopress_titles_desc":"","_seopress_robots_index":"","_seopress_analysis_target_kw":"","iawp_total_views":12},"product_brand":[],"product_cat":[79],"product_tag":[],"class_list":{"0":"post-23646","1":"product","2":"type-product","3":"status-publish","4":"has-post-thumbnail","6":"product_cat-alliances-or","8":"first","9":"instock","10":"shipping-taxable","11":"purchasable","12":"product-type-variable"},"_links":{"self":[{"href":"https:\/\/www.tc26-bijoux.com\/index.php?rest_route=\/wp\/v2\/product\/23646","targetHints":{"allow":["GET"]}}],"collection":[{"href":"https:\/\/www.tc26-bijoux.com\/index.php?rest_route=\/wp\/v2\/product"}],"about":[{"href":"https:\/\/www.tc26-bijoux.com\/index.php?rest_route=\/wp\/v2\/types\/product"}],"wp:featuredmedia":[{"embeddable":true,"href":"https:\/\/www.tc26-bijoux.com\/index.php?rest_route=\/wp\/v2\/media\/12794"}],"wp:attachment":[{"href":"https:\/\/www.tc26-bijoux.com\/index.php?rest_route=%2Fwp%2Fv2%2Fmedia&parent=23646"}],"wp:term":[{"taxonomy":"product_brand","embeddable":true,"href":"https:\/\/www.tc26-bijoux.com\/index.php?rest_route=%2Fwp%2Fv2%2Fproduct_brand&post=23646"},{"taxonomy":"product_cat","embeddable":true,"href":"https:\/\/www.tc26-bijoux.com\/index.php?rest_route=%2Fwp%2Fv2%2Fproduct_cat&post=23646"},{"taxonomy":"product_tag","embeddable":true,"href":"https:\/\/www.tc26-bijoux.com\/index.php?rest_route=%2Fwp%2Fv2%2Fproduct_tag&post=23646"}],"curies":[{"name":"wp","href":"https:\/\/api.w.org\/{rel}","templated":true}]}}