{"id":23683,"date":"2025-03-11T16:24:47","date_gmt":"2025-03-11T15:24:47","guid":{"rendered":"https:\/\/www.tc26-bijoux.com\/?post_type=product&#038;p=23683"},"modified":"2025-03-21T13:14:26","modified_gmt":"2025-03-21T12:14:26","slug":"alliance-or-blanc-lana","status":"publish","type":"product","link":"https:\/\/www.tc26-bijoux.com\/?product=alliance-or-blanc-lana","title":{"rendered":"Alliance Or blanc Lana"},"content":{"rendered":"<p>L&rsquo;alliance Lana en or 18 carats  est un bijou d&rsquo;une \u00e9l\u00e9gance sublime. Fabriqu\u00e9e avec soin, cette alliance incarne la beaut\u00e9 de l&rsquo;or. Sa conception exquise met en valeur la finesse et la d\u00e9licatesse de son design, ajoutant une touche de sophistication \u00e0 toute tenue. Disponible en trois variations de couleur &#8211; jaune, rose et blanc &#8211; cette alliance offre un choix polyvalent pour correspondre au style et aux pr\u00e9f\u00e9rences de chacun. Un symbole intemporel de l&rsquo;amour et de l&rsquo;engagement, l&rsquo;alliance Lana est un v\u00e9ritable tr\u00e9sor \u00e0 ch\u00e9rir pour toujours.<\/p>\n","protected":false},"excerpt":{"rendered":"<p>Mati\u00e8re : Or 18 Carats<\/p>\n<p>Couleur m\u00e9tal : Blanc\/Jaune\/Rose\u00a0<\/p>\n<p>R\u00e9f\u00e9rence : LG20<\/p>\n","protected":false},"featured_media":12719,"template":"","meta":{"_seopress_robots_primary_cat":"","_seopress_titles_title":"","_seopress_titles_desc":"","_seopress_robots_index":"","_seopress_analysis_target_kw":"","iawp_total_views":22},"product_brand":[],"product_cat":[79],"product_tag":[],"class_list":{"0":"post-23683","1":"product","2":"type-product","3":"status-publish","4":"has-post-thumbnail","6":"product_cat-alliances-or","8":"first","9":"instock","10":"shipping-taxable","11":"purchasable","12":"product-type-variable"},"_links":{"self":[{"href":"https:\/\/www.tc26-bijoux.com\/index.php?rest_route=\/wp\/v2\/product\/23683","targetHints":{"allow":["GET"]}}],"collection":[{"href":"https:\/\/www.tc26-bijoux.com\/index.php?rest_route=\/wp\/v2\/product"}],"about":[{"href":"https:\/\/www.tc26-bijoux.com\/index.php?rest_route=\/wp\/v2\/types\/product"}],"wp:featuredmedia":[{"embeddable":true,"href":"https:\/\/www.tc26-bijoux.com\/index.php?rest_route=\/wp\/v2\/media\/12719"}],"wp:attachment":[{"href":"https:\/\/www.tc26-bijoux.com\/index.php?rest_route=%2Fwp%2Fv2%2Fmedia&parent=23683"}],"wp:term":[{"taxonomy":"product_brand","embeddable":true,"href":"https:\/\/www.tc26-bijoux.com\/index.php?rest_route=%2Fwp%2Fv2%2Fproduct_brand&post=23683"},{"taxonomy":"product_cat","embeddable":true,"href":"https:\/\/www.tc26-bijoux.com\/index.php?rest_route=%2Fwp%2Fv2%2Fproduct_cat&post=23683"},{"taxonomy":"product_tag","embeddable":true,"href":"https:\/\/www.tc26-bijoux.com\/index.php?rest_route=%2Fwp%2Fv2%2Fproduct_tag&post=23683"}],"curies":[{"name":"wp","href":"https:\/\/api.w.org\/{rel}","templated":true}]}}