{"id":23720,"date":"2025-03-11T16:24:53","date_gmt":"2025-03-11T15:24:53","guid":{"rendered":"https:\/\/www.tc26-bijoux.com\/?post_type=product&#038;p=23720"},"modified":"2025-03-21T13:14:30","modified_gmt":"2025-03-21T12:14:30","slug":"alliance-or-blanc-louna","status":"publish","type":"product","link":"https:\/\/www.tc26-bijoux.com\/?product=alliance-or-blanc-louna","title":{"rendered":"Alliance Or blanc Louna"},"content":{"rendered":"<p>L&rsquo;alliance Louna en  or 18 carats est un bijou classique et intemporel. Disponible en blanc, jaune et rose, cette alliance offre une palette de couleurs pour convenir \u00e0 tous les go\u00fbts et styles. Fabriqu\u00e9e avec soin et attention aux d\u00e9tails, cette alliance est con\u00e7ue pour \u00eatre confortable \u00e0 porter au quotidien. L&rsquo;or 18 carats lui conf\u00e8re une qualit\u00e9 sup\u00e9rieure et une durabilit\u00e9 exceptionnelle. Que ce soit pour symboliser votre engagement, votre mariage ou simplement pour ajouter une touche de luxe \u00e0 votre collection de bijoux, l&rsquo;alliance Louna est un choix \u00e9l\u00e9gant et polyvalent. Portez-la avec fiert\u00e9 et laissez sa beaut\u00e9 classique briller \u00e0 votre doigt.<\/p>\n","protected":false},"excerpt":{"rendered":"<p>Mati\u00e8re : Or 18 Carats<\/p>\n<p>Couleur m\u00e9tal : Blanc\/ Jaune\/Rose<\/p>\n<p>R\u00e9f\u00e9rence :DJ15GB<\/p>\n","protected":false},"featured_media":12797,"template":"","meta":{"_seopress_robots_primary_cat":"","_seopress_titles_title":"","_seopress_titles_desc":"","_seopress_robots_index":"","_seopress_analysis_target_kw":"","iawp_total_views":4},"product_brand":[],"product_cat":[79],"product_tag":[],"class_list":{"0":"post-23720","1":"product","2":"type-product","3":"status-publish","4":"has-post-thumbnail","6":"product_cat-alliances-or","8":"first","9":"instock","10":"shipping-taxable","11":"purchasable","12":"product-type-variable"},"_links":{"self":[{"href":"https:\/\/www.tc26-bijoux.com\/index.php?rest_route=\/wp\/v2\/product\/23720","targetHints":{"allow":["GET"]}}],"collection":[{"href":"https:\/\/www.tc26-bijoux.com\/index.php?rest_route=\/wp\/v2\/product"}],"about":[{"href":"https:\/\/www.tc26-bijoux.com\/index.php?rest_route=\/wp\/v2\/types\/product"}],"wp:featuredmedia":[{"embeddable":true,"href":"https:\/\/www.tc26-bijoux.com\/index.php?rest_route=\/wp\/v2\/media\/12797"}],"wp:attachment":[{"href":"https:\/\/www.tc26-bijoux.com\/index.php?rest_route=%2Fwp%2Fv2%2Fmedia&parent=23720"}],"wp:term":[{"taxonomy":"product_brand","embeddable":true,"href":"https:\/\/www.tc26-bijoux.com\/index.php?rest_route=%2Fwp%2Fv2%2Fproduct_brand&post=23720"},{"taxonomy":"product_cat","embeddable":true,"href":"https:\/\/www.tc26-bijoux.com\/index.php?rest_route=%2Fwp%2Fv2%2Fproduct_cat&post=23720"},{"taxonomy":"product_tag","embeddable":true,"href":"https:\/\/www.tc26-bijoux.com\/index.php?rest_route=%2Fwp%2Fv2%2Fproduct_tag&post=23720"}],"curies":[{"name":"wp","href":"https:\/\/api.w.org\/{rel}","templated":true}]}}