{"id":23831,"date":"2025-03-11T16:25:13","date_gmt":"2025-03-11T15:25:13","guid":{"rendered":"https:\/\/www.tc26-bijoux.com\/?post_type=product&#038;p=23831"},"modified":"2025-03-21T13:14:43","modified_gmt":"2025-03-21T12:14:43","slug":"alliance-or-jaune-ora","status":"publish","type":"product","link":"https:\/\/www.tc26-bijoux.com\/?product=alliance-or-jaune-ora","title":{"rendered":"Alliance Or jaune Ora"},"content":{"rendered":"<p>L&rsquo;alliance Ora en or 18 carats est un symbole intemporel d&rsquo;amour et d&rsquo;engagement. Fabriqu\u00e9e avec soin \u00e0 partir d&rsquo;or 18 carats de qualit\u00e9 sup\u00e9rieure, cette alliance est \u00e0 la fois durable et luxueuse. Que ce soit en or jaune, blanc ou rose, l&rsquo;alliance Ora est disponible dans diff\u00e9rentes finitions pour correspondre \u00e0 votre style personnel. Que vous la portiez seule ou en combinaison avec d&rsquo;autres bagues, cette alliance sublimera votre main et symbolisera votre lien pr\u00e9cieux. Que votre histoire d&rsquo;amour soit nouvelle ou ancienne, l&rsquo;alliance Ora en or 18 carats est un choix intemporel qui t\u00e9moignera de votre engagement et de votre affection pour toujours.<\/p>\n","protected":false},"excerpt":{"rendered":"<p>L&rsquo;alliance Ora en or 18 carats est un symbole intemporel d&rsquo;amour et d&rsquo;engagement. Fabriqu\u00e9e avec soin \u00e0 partir d&rsquo;or 18 carats de qualit\u00e9 sup\u00e9rieure, cette alliance<span class=\"excerpt-hellip\"> [\u2026]<\/span><\/p>\n","protected":false},"featured_media":12793,"template":"","meta":{"_seopress_robots_primary_cat":"","_seopress_titles_title":"","_seopress_titles_desc":"","_seopress_robots_index":"","_seopress_analysis_target_kw":"","iawp_total_views":11},"product_brand":[],"product_cat":[79],"product_tag":[],"class_list":{"0":"post-23831","1":"product","2":"type-product","3":"status-publish","4":"has-post-thumbnail","6":"product_cat-alliances-or","8":"first","9":"instock","10":"shipping-taxable","11":"purchasable","12":"product-type-variable"},"_links":{"self":[{"href":"https:\/\/www.tc26-bijoux.com\/index.php?rest_route=\/wp\/v2\/product\/23831","targetHints":{"allow":["GET"]}}],"collection":[{"href":"https:\/\/www.tc26-bijoux.com\/index.php?rest_route=\/wp\/v2\/product"}],"about":[{"href":"https:\/\/www.tc26-bijoux.com\/index.php?rest_route=\/wp\/v2\/types\/product"}],"wp:featuredmedia":[{"embeddable":true,"href":"https:\/\/www.tc26-bijoux.com\/index.php?rest_route=\/wp\/v2\/media\/12793"}],"wp:attachment":[{"href":"https:\/\/www.tc26-bijoux.com\/index.php?rest_route=%2Fwp%2Fv2%2Fmedia&parent=23831"}],"wp:term":[{"taxonomy":"product_brand","embeddable":true,"href":"https:\/\/www.tc26-bijoux.com\/index.php?rest_route=%2Fwp%2Fv2%2Fproduct_brand&post=23831"},{"taxonomy":"product_cat","embeddable":true,"href":"https:\/\/www.tc26-bijoux.com\/index.php?rest_route=%2Fwp%2Fv2%2Fproduct_cat&post=23831"},{"taxonomy":"product_tag","embeddable":true,"href":"https:\/\/www.tc26-bijoux.com\/index.php?rest_route=%2Fwp%2Fv2%2Fproduct_tag&post=23831"}],"curies":[{"name":"wp","href":"https:\/\/api.w.org\/{rel}","templated":true}]}}