{"id":23942,"date":"2025-03-11T16:25:29","date_gmt":"2025-03-11T15:25:29","guid":{"rendered":"https:\/\/www.tc26-bijoux.com\/?post_type=product&#038;p=23942"},"modified":"2025-03-21T13:14:57","modified_gmt":"2025-03-21T12:14:57","slug":"alliance-or-blanc-nina","status":"publish","type":"product","link":"https:\/\/www.tc26-bijoux.com\/?product=alliance-or-blanc-nina","title":{"rendered":"Alliance Or blanc Nina"},"content":{"rendered":"<p>L&rsquo;alliance en Or 18 Carats Nina est une cr\u00e9ation d&rsquo;une \u00e9l\u00e9gance exquise, alliant luxe et raffinement. Avec ses magnifiques diamants \u00e9tincelants, cette alliance incarne le sommet de l&rsquo;\u00e9l\u00e9gance et du luxe. Sa finition impeccable et sa conception raffin\u00e9e en font un bijou d&rsquo;exception, parfait pour ajouter une touche de sophistication \u00e0 votre style. Que vous choisissiez la version en Blanc, Jaune ou Rose, cette alliance Nina est le symbole ultime de l&rsquo;\u00e9l\u00e9gance et du luxe intemporel.<\/p>\n","protected":false},"excerpt":{"rendered":"<p>Mati\u00e8re : Or 18 Carats<\/p>\n<p>Couleur m\u00e9tal : Blanc\/ Jaune\/Rose<\/p>\n<p>R\u00e9f\u00e9rence :DJ30GB<\/p>\n","protected":false},"featured_media":12758,"template":"","meta":{"_seopress_robots_primary_cat":"","_seopress_titles_title":"","_seopress_titles_desc":"","_seopress_robots_index":"","_seopress_analysis_target_kw":"","iawp_total_views":3},"product_brand":[],"product_cat":[79],"product_tag":[],"class_list":{"0":"post-23942","1":"product","2":"type-product","3":"status-publish","4":"has-post-thumbnail","6":"product_cat-alliances-or","8":"first","9":"instock","10":"shipping-taxable","11":"purchasable","12":"product-type-variable"},"_links":{"self":[{"href":"https:\/\/www.tc26-bijoux.com\/index.php?rest_route=\/wp\/v2\/product\/23942","targetHints":{"allow":["GET"]}}],"collection":[{"href":"https:\/\/www.tc26-bijoux.com\/index.php?rest_route=\/wp\/v2\/product"}],"about":[{"href":"https:\/\/www.tc26-bijoux.com\/index.php?rest_route=\/wp\/v2\/types\/product"}],"wp:featuredmedia":[{"embeddable":true,"href":"https:\/\/www.tc26-bijoux.com\/index.php?rest_route=\/wp\/v2\/media\/12758"}],"wp:attachment":[{"href":"https:\/\/www.tc26-bijoux.com\/index.php?rest_route=%2Fwp%2Fv2%2Fmedia&parent=23942"}],"wp:term":[{"taxonomy":"product_brand","embeddable":true,"href":"https:\/\/www.tc26-bijoux.com\/index.php?rest_route=%2Fwp%2Fv2%2Fproduct_brand&post=23942"},{"taxonomy":"product_cat","embeddable":true,"href":"https:\/\/www.tc26-bijoux.com\/index.php?rest_route=%2Fwp%2Fv2%2Fproduct_cat&post=23942"},{"taxonomy":"product_tag","embeddable":true,"href":"https:\/\/www.tc26-bijoux.com\/index.php?rest_route=%2Fwp%2Fv2%2Fproduct_tag&post=23942"}],"curies":[{"name":"wp","href":"https:\/\/api.w.org\/{rel}","templated":true}]}}