{"id":24053,"date":"2025-03-11T16:25:48","date_gmt":"2025-03-11T15:25:48","guid":{"rendered":"https:\/\/www.tc26-bijoux.com\/?post_type=product&#038;p=24053"},"modified":"2025-03-21T13:15:06","modified_gmt":"2025-03-21T12:15:06","slug":"alliance-or-jaune-meryle","status":"publish","type":"product","link":"https:\/\/www.tc26-bijoux.com\/?product=alliance-or-jaune-meryle","title":{"rendered":"Alliance Or jaune Meryle"},"content":{"rendered":"<p>L&rsquo;alliance  Or 18 Carats Meryl est une magnifique bague symbolisant l&rsquo;amour et l&rsquo;engagement. Cette alliance est disponible dans les couleurs Jaune, Blanc et Rose, offrant ainsi une vari\u00e9t\u00e9 d&rsquo;options pour correspondre \u00e0 votre pr\u00e9f\u00e9rence personnelle. Fabriqu\u00e9e en or 18 carats, elle est d&rsquo;une qualit\u00e9 exceptionnelle et offre une finition \u00e9l\u00e9gante. Que ce soit pour un mariage, une occasion sp\u00e9ciale ou simplement pour exprimer votre amour, l&rsquo;alliance Or 18 Carats Meryl est un choix intemporel et \u00e9l\u00e9gant. Elle symbolise la connexion et l&rsquo;engagement entre deux personnes et sera un pr\u00e9cieux souvenir de votre relation.<\/p>\n","protected":false},"excerpt":{"rendered":"<p>Mati\u00e8re : Or 18 Carats<\/p>\n<p>Couleur m\u00e9tal : Jaune\/Blanc\/Rose<\/p>\n<p>R\u00e9f\u00e9rence : LJ30<\/p>\n","protected":false},"featured_media":12754,"template":"","meta":{"_seopress_robots_primary_cat":"","_seopress_titles_title":"","_seopress_titles_desc":"","_seopress_robots_index":"","_seopress_analysis_target_kw":"","iawp_total_views":6},"product_brand":[],"product_cat":[79],"product_tag":[],"class_list":{"0":"post-24053","1":"product","2":"type-product","3":"status-publish","4":"has-post-thumbnail","6":"product_cat-alliances-or","8":"first","9":"instock","10":"shipping-taxable","11":"purchasable","12":"product-type-variable"},"_links":{"self":[{"href":"https:\/\/www.tc26-bijoux.com\/index.php?rest_route=\/wp\/v2\/product\/24053","targetHints":{"allow":["GET"]}}],"collection":[{"href":"https:\/\/www.tc26-bijoux.com\/index.php?rest_route=\/wp\/v2\/product"}],"about":[{"href":"https:\/\/www.tc26-bijoux.com\/index.php?rest_route=\/wp\/v2\/types\/product"}],"wp:featuredmedia":[{"embeddable":true,"href":"https:\/\/www.tc26-bijoux.com\/index.php?rest_route=\/wp\/v2\/media\/12754"}],"wp:attachment":[{"href":"https:\/\/www.tc26-bijoux.com\/index.php?rest_route=%2Fwp%2Fv2%2Fmedia&parent=24053"}],"wp:term":[{"taxonomy":"product_brand","embeddable":true,"href":"https:\/\/www.tc26-bijoux.com\/index.php?rest_route=%2Fwp%2Fv2%2Fproduct_brand&post=24053"},{"taxonomy":"product_cat","embeddable":true,"href":"https:\/\/www.tc26-bijoux.com\/index.php?rest_route=%2Fwp%2Fv2%2Fproduct_cat&post=24053"},{"taxonomy":"product_tag","embeddable":true,"href":"https:\/\/www.tc26-bijoux.com\/index.php?rest_route=%2Fwp%2Fv2%2Fproduct_tag&post=24053"}],"curies":[{"name":"wp","href":"https:\/\/api.w.org\/{rel}","templated":true}]}}