{"id":24090,"date":"2025-03-11T16:25:54","date_gmt":"2025-03-11T15:25:54","guid":{"rendered":"https:\/\/www.tc26-bijoux.com\/?post_type=product&#038;p=24090"},"modified":"2025-03-21T13:15:10","modified_gmt":"2025-03-21T12:15:10","slug":"alliance-or-jaune-elisabeth","status":"publish","type":"product","link":"https:\/\/www.tc26-bijoux.com\/?product=alliance-or-jaune-elisabeth","title":{"rendered":"Alliance Or jaune Elisabeth"},"content":{"rendered":"<p>L&rsquo;alliance Ira en or 18 carats est un bijou d&rsquo;une grande beaut\u00e9, disponible en trois options de couleur : jaune, blanc et rose. L&rsquo;or 18 carats conf\u00e8re \u00e0 l&rsquo;alliance une base solide et luxueuse, assurant sa durabilit\u00e9 et sa beaut\u00e9 \u00e0 long terme. Que vous pr\u00e9f\u00e9riez l&rsquo;\u00e9clat chaleureux de l&rsquo;or jaune, l&rsquo;\u00e9l\u00e9gance classique de l&rsquo;or blanc ou la d\u00e9licatesse romantique de l&rsquo;or rose, l&rsquo;alliance Ira en or 18 carats est un choix intemporel et \u00e9l\u00e9gant. Elle symbolise l&rsquo;amour et l&rsquo;engagement, et est parfaite pour c\u00e9l\u00e9brer une union ou pour \u00eatre port\u00e9e comme symbole de votre lien pr\u00e9cieux.<\/p>\n","protected":false},"excerpt":{"rendered":"<p>Mati\u00e8re : Or 18 Carats<\/p>\n<p>Couleur m\u00e9tal : Jaune\/Blanc\/Rose<\/p>\n<p>R\u00e9f\u00e9rence :DJ30JB<\/p>\n","protected":false},"featured_media":12760,"template":"","meta":{"_seopress_robots_primary_cat":"","_seopress_titles_title":"","_seopress_titles_desc":"","_seopress_robots_index":"","_seopress_analysis_target_kw":"","iawp_total_views":7},"product_brand":[],"product_cat":[79],"product_tag":[],"class_list":{"0":"post-24090","1":"product","2":"type-product","3":"status-publish","4":"has-post-thumbnail","6":"product_cat-alliances-or","8":"first","9":"instock","10":"shipping-taxable","11":"purchasable","12":"product-type-variable"},"_links":{"self":[{"href":"https:\/\/www.tc26-bijoux.com\/index.php?rest_route=\/wp\/v2\/product\/24090","targetHints":{"allow":["GET"]}}],"collection":[{"href":"https:\/\/www.tc26-bijoux.com\/index.php?rest_route=\/wp\/v2\/product"}],"about":[{"href":"https:\/\/www.tc26-bijoux.com\/index.php?rest_route=\/wp\/v2\/types\/product"}],"wp:featuredmedia":[{"embeddable":true,"href":"https:\/\/www.tc26-bijoux.com\/index.php?rest_route=\/wp\/v2\/media\/12760"}],"wp:attachment":[{"href":"https:\/\/www.tc26-bijoux.com\/index.php?rest_route=%2Fwp%2Fv2%2Fmedia&parent=24090"}],"wp:term":[{"taxonomy":"product_brand","embeddable":true,"href":"https:\/\/www.tc26-bijoux.com\/index.php?rest_route=%2Fwp%2Fv2%2Fproduct_brand&post=24090"},{"taxonomy":"product_cat","embeddable":true,"href":"https:\/\/www.tc26-bijoux.com\/index.php?rest_route=%2Fwp%2Fv2%2Fproduct_cat&post=24090"},{"taxonomy":"product_tag","embeddable":true,"href":"https:\/\/www.tc26-bijoux.com\/index.php?rest_route=%2Fwp%2Fv2%2Fproduct_tag&post=24090"}],"curies":[{"name":"wp","href":"https:\/\/api.w.org\/{rel}","templated":true}]}}