{"id":24164,"date":"2025-03-11T16:26:08","date_gmt":"2025-03-11T15:26:08","guid":{"rendered":"https:\/\/www.tc26-bijoux.com\/?post_type=product&#038;p=24164"},"modified":"2025-03-21T13:15:19","modified_gmt":"2025-03-21T12:15:19","slug":"alliance-or-jaune-aurelia","status":"publish","type":"product","link":"https:\/\/www.tc26-bijoux.com\/?product=alliance-or-jaune-aurelia","title":{"rendered":"Alliance Or jaune Aurelia"},"content":{"rendered":"<p>L&rsquo;alliance Aurelia or 18 carats est un magnifique anneau en or jaune. Fabriqu\u00e9e \u00e0 partir de l&rsquo;or de qualit\u00e9 18 carats, cette alliance pr\u00e9sente une couleur chaleureuse et lumineuse qui ajoute une touche d&rsquo;\u00e9l\u00e9gance \u00e0 votre main. L&rsquo;alliance Aurra est un symbole classique de l&rsquo;amour et de l&rsquo;engagement, parfait pour les mariages, les anniversaires ou les occasions sp\u00e9ciales. Son design intemporel et sa finition brillante en font un choix polyvalent et durable qui sera appr\u00e9ci\u00e9 pour les ann\u00e9es \u00e0 venir. Offrez-vous ou offrez \u00e0 quelqu&rsquo;un de sp\u00e9cial cette alliance en or 18 carats Aurra pour c\u00e9l\u00e9brer un lien pr\u00e9cieux et un amour \u00e9ternel.<\/p>\n","protected":false},"excerpt":{"rendered":"<p>L&rsquo;alliance Aurelia or 18 carats est un magnifique anneau en or jaune. Fabriqu\u00e9e \u00e0 partir de l&rsquo;or de qualit\u00e9 18 carats, cette alliance pr\u00e9sente une couleur<span class=\"excerpt-hellip\"> [\u2026]<\/span><\/p>\n","protected":false},"featured_media":12757,"template":"","meta":{"_seopress_robots_primary_cat":"","_seopress_titles_title":"","_seopress_titles_desc":"","_seopress_robots_index":"","_seopress_analysis_target_kw":"","iawp_total_views":4},"product_brand":[],"product_cat":[79],"product_tag":[],"class_list":{"0":"post-24164","1":"product","2":"type-product","3":"status-publish","4":"has-post-thumbnail","6":"product_cat-alliances-or","8":"first","9":"instock","10":"shipping-taxable","11":"purchasable","12":"product-type-variable"},"_links":{"self":[{"href":"https:\/\/www.tc26-bijoux.com\/index.php?rest_route=\/wp\/v2\/product\/24164","targetHints":{"allow":["GET"]}}],"collection":[{"href":"https:\/\/www.tc26-bijoux.com\/index.php?rest_route=\/wp\/v2\/product"}],"about":[{"href":"https:\/\/www.tc26-bijoux.com\/index.php?rest_route=\/wp\/v2\/types\/product"}],"wp:featuredmedia":[{"embeddable":true,"href":"https:\/\/www.tc26-bijoux.com\/index.php?rest_route=\/wp\/v2\/media\/12757"}],"wp:attachment":[{"href":"https:\/\/www.tc26-bijoux.com\/index.php?rest_route=%2Fwp%2Fv2%2Fmedia&parent=24164"}],"wp:term":[{"taxonomy":"product_brand","embeddable":true,"href":"https:\/\/www.tc26-bijoux.com\/index.php?rest_route=%2Fwp%2Fv2%2Fproduct_brand&post=24164"},{"taxonomy":"product_cat","embeddable":true,"href":"https:\/\/www.tc26-bijoux.com\/index.php?rest_route=%2Fwp%2Fv2%2Fproduct_cat&post=24164"},{"taxonomy":"product_tag","embeddable":true,"href":"https:\/\/www.tc26-bijoux.com\/index.php?rest_route=%2Fwp%2Fv2%2Fproduct_tag&post=24164"}],"curies":[{"name":"wp","href":"https:\/\/api.w.org\/{rel}","templated":true}]}}