{"id":24238,"date":"2025-03-11T16:26:19","date_gmt":"2025-03-11T15:26:19","guid":{"rendered":"https:\/\/www.tc26-bijoux.com\/?post_type=product&#038;p=24238"},"modified":"2025-03-21T13:15:25","modified_gmt":"2025-03-21T12:15:25","slug":"alliance-or-jaune-maeva","status":"publish","type":"product","link":"https:\/\/www.tc26-bijoux.com\/?product=alliance-or-jaune-maeva","title":{"rendered":"Alliance Or jaune Maeva"},"content":{"rendered":"<p>L&rsquo;alliance Maheva en or 18 carats est disponible dans les trois options de couleur : jaune, blanc et rose. Cette alliance exquise est orn\u00e9e de diamants \u00e9tincelants qui ajoutent une touche de sophistication et de brillance \u00e0 votre doigt. Que vous pr\u00e9f\u00e9riez la chaleur et la luminosit\u00e9 de l&rsquo;or jaune, l&rsquo;\u00e9l\u00e9gance intemporelle de l&rsquo;or blanc ou la d\u00e9licatesse romantique de l&rsquo;or rose, l&rsquo;alliance Maheva sera un choix parfait pour symboliser votre amour et votre engagement. Avec son design \u00e9l\u00e9gant, cette alliance apportera une touche d&rsquo;\u00e9clat \u00e0 votre vie quotidienne et \u00e0 tous les moments sp\u00e9ciaux que vous partagerez avec votre partenaire.<\/p>\n","protected":false},"excerpt":{"rendered":"<p>L&rsquo;alliance Maheva en or 18 carats est disponible dans les trois options de couleur : jaune, blanc et rose. Cette alliance exquise est orn\u00e9e de diamants<span class=\"excerpt-hellip\"> [\u2026]<\/span><\/p>\n","protected":false},"featured_media":12831,"template":"","meta":{"_seopress_robots_primary_cat":"","_seopress_titles_title":"","_seopress_titles_desc":"","_seopress_robots_index":"","_seopress_analysis_target_kw":"","iawp_total_views":9},"product_brand":[],"product_cat":[79],"product_tag":[],"class_list":{"0":"post-24238","1":"product","2":"type-product","3":"status-publish","4":"has-post-thumbnail","6":"product_cat-alliances-or","8":"first","9":"instock","10":"shipping-taxable","11":"purchasable","12":"product-type-variable"},"_links":{"self":[{"href":"https:\/\/www.tc26-bijoux.com\/index.php?rest_route=\/wp\/v2\/product\/24238","targetHints":{"allow":["GET"]}}],"collection":[{"href":"https:\/\/www.tc26-bijoux.com\/index.php?rest_route=\/wp\/v2\/product"}],"about":[{"href":"https:\/\/www.tc26-bijoux.com\/index.php?rest_route=\/wp\/v2\/types\/product"}],"wp:featuredmedia":[{"embeddable":true,"href":"https:\/\/www.tc26-bijoux.com\/index.php?rest_route=\/wp\/v2\/media\/12831"}],"wp:attachment":[{"href":"https:\/\/www.tc26-bijoux.com\/index.php?rest_route=%2Fwp%2Fv2%2Fmedia&parent=24238"}],"wp:term":[{"taxonomy":"product_brand","embeddable":true,"href":"https:\/\/www.tc26-bijoux.com\/index.php?rest_route=%2Fwp%2Fv2%2Fproduct_brand&post=24238"},{"taxonomy":"product_cat","embeddable":true,"href":"https:\/\/www.tc26-bijoux.com\/index.php?rest_route=%2Fwp%2Fv2%2Fproduct_cat&post=24238"},{"taxonomy":"product_tag","embeddable":true,"href":"https:\/\/www.tc26-bijoux.com\/index.php?rest_route=%2Fwp%2Fv2%2Fproduct_tag&post=24238"}],"curies":[{"name":"wp","href":"https:\/\/api.w.org\/{rel}","templated":true}]}}