{"id":24498,"date":"2025-03-11T17:27:40","date_gmt":"2025-03-11T16:27:40","guid":{"rendered":"https:\/\/www.tc26-bijoux.com\/?post_type=product&#038;p=24498"},"modified":"2025-03-21T13:15:54","modified_gmt":"2025-03-21T12:15:54","slug":"solitaire-or-18-k-diamant-lisa","status":"publish","type":"product","link":"https:\/\/www.tc26-bijoux.com\/?product=solitaire-or-18-k-diamant-lisa","title":{"rendered":"Solitaire Or 18 k Diamant Lisa"},"content":{"rendered":"<p>Le Solitaire Lisa en diamants et or 18 carats est un bijou d\u00e9licat et \u00e9l\u00e9gant. Avec un poids total de 0,10 carats de diamants, cette bague brille avec subtilit\u00e9. Les diamants sont soigneusement s\u00e9lectionn\u00e9s pour leur qualit\u00e9 et leur \u00e9clat, et ils sont magnifiquement sertis dans l&rsquo;or 18 carats pour cr\u00e9er un design raffin\u00e9. Cette bague est parfaite pour une utilisation quotidienne ou pour ajouter une touche de brillance discr\u00e8te \u00e0 une tenue sp\u00e9ciale. Fabriqu\u00e9e avec soin et attention aux d\u00e9tails, la bague Lisa est con\u00e7ue pour \u00eatre confortable \u00e0 porter et durable dans le temps. Que ce soit comme un cadeau sp\u00e9cial pour quelqu&rsquo;un de cher ou comme un indulgence personnelle, cette bague Lisa est un choix classique qui incarne l&rsquo;\u00e9l\u00e9gance et le raffinement.<\/p>\n","protected":false},"excerpt":{"rendered":"<p>Le Solitaire Lisa en diamants et or 18 carats est un bijou d\u00e9licat et \u00e9l\u00e9gant. Avec un poids total de 0,10 carats de diamants, cette bague<span class=\"excerpt-hellip\"> [\u2026]<\/span><\/p>\n","protected":false},"featured_media":13524,"template":"","meta":{"_seopress_robots_primary_cat":"","_seopress_titles_title":"","_seopress_titles_desc":"","_seopress_robots_index":"","_seopress_analysis_target_kw":"","iawp_total_views":17},"product_brand":[],"product_cat":[86],"product_tag":[],"class_list":{"0":"post-24498","1":"product","2":"type-product","3":"status-publish","4":"has-post-thumbnail","6":"product_cat-solitaire-diamants","8":"first","9":"instock","10":"shipping-taxable","11":"purchasable","12":"product-type-variable"},"_links":{"self":[{"href":"https:\/\/www.tc26-bijoux.com\/index.php?rest_route=\/wp\/v2\/product\/24498","targetHints":{"allow":["GET"]}}],"collection":[{"href":"https:\/\/www.tc26-bijoux.com\/index.php?rest_route=\/wp\/v2\/product"}],"about":[{"href":"https:\/\/www.tc26-bijoux.com\/index.php?rest_route=\/wp\/v2\/types\/product"}],"wp:featuredmedia":[{"embeddable":true,"href":"https:\/\/www.tc26-bijoux.com\/index.php?rest_route=\/wp\/v2\/media\/13524"}],"wp:attachment":[{"href":"https:\/\/www.tc26-bijoux.com\/index.php?rest_route=%2Fwp%2Fv2%2Fmedia&parent=24498"}],"wp:term":[{"taxonomy":"product_brand","embeddable":true,"href":"https:\/\/www.tc26-bijoux.com\/index.php?rest_route=%2Fwp%2Fv2%2Fproduct_brand&post=24498"},{"taxonomy":"product_cat","embeddable":true,"href":"https:\/\/www.tc26-bijoux.com\/index.php?rest_route=%2Fwp%2Fv2%2Fproduct_cat&post=24498"},{"taxonomy":"product_tag","embeddable":true,"href":"https:\/\/www.tc26-bijoux.com\/index.php?rest_route=%2Fwp%2Fv2%2Fproduct_tag&post=24498"}],"curies":[{"name":"wp","href":"https:\/\/api.w.org\/{rel}","templated":true}]}}