{"id":24572,"date":"2025-03-11T17:27:52","date_gmt":"2025-03-11T16:27:52","guid":{"rendered":"https:\/\/www.tc26-bijoux.com\/?post_type=product&#038;p=24572"},"modified":"2025-03-21T13:16:02","modified_gmt":"2025-03-21T12:16:02","slug":"solitaire-diamants-et-or-18-carats-poiry","status":"publish","type":"product","link":"https:\/\/www.tc26-bijoux.com\/?product=solitaire-diamants-et-or-18-carats-poiry","title":{"rendered":"Solitaire Diamants et Or 18 Carats Poiry"},"content":{"rendered":"<p>La bague de fian\u00e7ailles Poiry est con\u00e7ue en or 18 carats et est orn\u00e9e de diamants. Le poids total des diamants sur la bague est de 0.33 carats, offrant un \u00e9clat subtil et une brillance \u00e9tincelante. La bague Poiry est un choix classique et intemporel pour une bague de fian\u00e7ailles, symbolisant l&rsquo;amour et l&rsquo;engagement. Son design \u00e9l\u00e9gant et ses diamants scintillants en font un choix remarquable pour marquer ce moment sp\u00e9cial dans votre vie.<\/p>\n","protected":false},"excerpt":{"rendered":"<p>Mati\u00e8re : Or 18 Carats<\/p>\n<p>Couleur m\u00e9tal : Blanc\u00a0<\/p>\n<p>Nature des\u00a0Pierres : Diamants\u00a0<\/p>\n<p>Couleur des\u00a0Diamants : G<\/p>\n<p>Puret\u00e9 des\u00a0Diamants : VS<\/p>\n<p>Poid Total des diamants\u00a0\u00a0: 0.33\u00a0Carats<\/p>\n<p>Dimension :\u00a06.6&#215;9\u00a0mm<\/p>\n<p>R\u00e9f\u00e9rence : XYR11922<\/p>\n","protected":false},"featured_media":5283,"template":"","meta":{"_seopress_robots_primary_cat":"","_seopress_titles_title":"","_seopress_titles_desc":"","_seopress_robots_index":"","_seopress_analysis_target_kw":"","iawp_total_views":7},"product_brand":[],"product_cat":[86],"product_tag":[],"class_list":{"0":"post-24572","1":"product","2":"type-product","3":"status-publish","4":"has-post-thumbnail","6":"product_cat-solitaire-diamants","8":"first","9":"instock","10":"shipping-taxable","11":"purchasable","12":"product-type-variable"},"_links":{"self":[{"href":"https:\/\/www.tc26-bijoux.com\/index.php?rest_route=\/wp\/v2\/product\/24572","targetHints":{"allow":["GET"]}}],"collection":[{"href":"https:\/\/www.tc26-bijoux.com\/index.php?rest_route=\/wp\/v2\/product"}],"about":[{"href":"https:\/\/www.tc26-bijoux.com\/index.php?rest_route=\/wp\/v2\/types\/product"}],"wp:featuredmedia":[{"embeddable":true,"href":"https:\/\/www.tc26-bijoux.com\/index.php?rest_route=\/wp\/v2\/media\/5283"}],"wp:attachment":[{"href":"https:\/\/www.tc26-bijoux.com\/index.php?rest_route=%2Fwp%2Fv2%2Fmedia&parent=24572"}],"wp:term":[{"taxonomy":"product_brand","embeddable":true,"href":"https:\/\/www.tc26-bijoux.com\/index.php?rest_route=%2Fwp%2Fv2%2Fproduct_brand&post=24572"},{"taxonomy":"product_cat","embeddable":true,"href":"https:\/\/www.tc26-bijoux.com\/index.php?rest_route=%2Fwp%2Fv2%2Fproduct_cat&post=24572"},{"taxonomy":"product_tag","embeddable":true,"href":"https:\/\/www.tc26-bijoux.com\/index.php?rest_route=%2Fwp%2Fv2%2Fproduct_tag&post=24572"}],"curies":[{"name":"wp","href":"https:\/\/api.w.org\/{rel}","templated":true}]}}