{"id":25414,"date":"2025-03-11T17:30:36","date_gmt":"2025-03-11T16:30:36","guid":{"rendered":"https:\/\/www.tc26-bijoux.com\/?post_type=product&#038;p=25414"},"modified":"2025-03-21T13:17:36","modified_gmt":"2025-03-21T12:17:36","slug":"solitaire-or-diamants-lio","status":"publish","type":"product","link":"https:\/\/www.tc26-bijoux.com\/?product=solitaire-or-diamants-lio","title":{"rendered":"Solitaire Or Diamants Lio"},"content":{"rendered":"<p>Le solitaire Lio en or 18 carats est un bijou d\u00e9licat et raffin\u00e9. Elle est orn\u00e9e de diamants d&rsquo;une couleur G et d&rsquo;une puret\u00e9 VS, qui ajoutent une brillance \u00e9clatante \u00e0 la pi\u00e8ce. Avec un poids total de 0,50 carats, cette bague offre un \u00e9quilibre parfait entre \u00e9l\u00e9gance et discr\u00e9tion. Son design intemporel en fait un choix polyvalent, adapt\u00e9 \u00e0 toutes les occasions. Une v\u00e9ritable expression de beaut\u00e9 et de style.<\/p>\n","protected":false},"excerpt":{"rendered":"<p>Mati\u00e8re : Or 18 Carats<\/p>\n<p>Couleur m\u00e9tal : Blanc\u00a0<\/p>\n<p>Nature des\u00a0Pierres : Diamants\u00a0<\/p>\n<p>Couleur des\u00a0Diamants : G<\/p>\n<p>Puret\u00e9 des\u00a0Diamants : VS<\/p>\n<p>Poid Total des diamants\u00a0\u00a0: 0.50\u00a0Carats<\/p>\n<p>Dimension :\u00a08.2&#215;10.6\u00a0mm<\/p>\n<p>R\u00e9f\u00e9rence : DNR0984<\/p>\n","protected":false},"featured_media":5375,"template":"","meta":{"_seopress_robots_primary_cat":"","_seopress_titles_title":"","_seopress_titles_desc":"","_seopress_robots_index":"","_seopress_analysis_target_kw":"","iawp_total_views":1},"product_brand":[],"product_cat":[86],"product_tag":[],"class_list":{"0":"post-25414","1":"product","2":"type-product","3":"status-publish","4":"has-post-thumbnail","6":"product_cat-solitaire-diamants","8":"first","9":"instock","10":"shipping-taxable","11":"purchasable","12":"product-type-variable"},"_links":{"self":[{"href":"https:\/\/www.tc26-bijoux.com\/index.php?rest_route=\/wp\/v2\/product\/25414","targetHints":{"allow":["GET"]}}],"collection":[{"href":"https:\/\/www.tc26-bijoux.com\/index.php?rest_route=\/wp\/v2\/product"}],"about":[{"href":"https:\/\/www.tc26-bijoux.com\/index.php?rest_route=\/wp\/v2\/types\/product"}],"wp:featuredmedia":[{"embeddable":true,"href":"https:\/\/www.tc26-bijoux.com\/index.php?rest_route=\/wp\/v2\/media\/5375"}],"wp:attachment":[{"href":"https:\/\/www.tc26-bijoux.com\/index.php?rest_route=%2Fwp%2Fv2%2Fmedia&parent=25414"}],"wp:term":[{"taxonomy":"product_brand","embeddable":true,"href":"https:\/\/www.tc26-bijoux.com\/index.php?rest_route=%2Fwp%2Fv2%2Fproduct_brand&post=25414"},{"taxonomy":"product_cat","embeddable":true,"href":"https:\/\/www.tc26-bijoux.com\/index.php?rest_route=%2Fwp%2Fv2%2Fproduct_cat&post=25414"},{"taxonomy":"product_tag","embeddable":true,"href":"https:\/\/www.tc26-bijoux.com\/index.php?rest_route=%2Fwp%2Fv2%2Fproduct_tag&post=25414"}],"curies":[{"name":"wp","href":"https:\/\/api.w.org\/{rel}","templated":true}]}}