{"id":25597,"date":"2025-03-11T17:31:15","date_gmt":"2025-03-11T16:31:15","guid":{"rendered":"https:\/\/www.tc26-bijoux.com\/?post_type=product&#038;p=25597"},"modified":"2025-03-21T13:17:53","modified_gmt":"2025-03-21T12:17:53","slug":"solitaire-diamants-angelina","status":"publish","type":"product","link":"https:\/\/www.tc26-bijoux.com\/?product=solitaire-diamants-angelina","title":{"rendered":"Solitaire Diamants Angelina"},"content":{"rendered":"<p>Le solitaire Andgelina est fabriqu\u00e9 en or 18 carats, un mat\u00e9riau pr\u00e9cieux et luxueux. Il est disponible en trois options de couleur d&rsquo;or : blanc, jaune et rose, vous permettant de choisir celle qui correspond \u00e0 votre style et pr\u00e9f\u00e9rence. Ce solitaire met en valeur des diamants \u00e9tincelants, avec une pierre centrale d&rsquo;un caratage de 0.19 carats, ajoutant une touche de brillance subtile. Le caratage total du solitaire est de 0.30 carats, offrant un \u00e9clat et une pr\u00e9sence \u00e9l\u00e9gante sur votre doigt. La largeur de la bande est de 1.7 mm, cr\u00e9ant un \u00e9quilibre parfait entre la finesse et la solidit\u00e9. Le solitaire Andgelina est un bijou intemporel qui compl\u00e9tera avec \u00e9l\u00e9gance votre style et ajoutera une touche de glamour \u00e0 votre tenue.<\/p>\n","protected":false},"excerpt":{"rendered":"<p>Le solitaire Andgelina est fabriqu\u00e9 en or 18 carats, un mat\u00e9riau pr\u00e9cieux et luxueux. Il est disponible en trois options de couleur d&rsquo;or : blanc, jaune<span class=\"excerpt-hellip\"> [\u2026]<\/span><\/p>\n","protected":false},"featured_media":935,"template":"","meta":{"_seopress_robots_primary_cat":"","_seopress_titles_title":"","_seopress_titles_desc":"","_seopress_robots_index":"","_seopress_analysis_target_kw":"","iawp_total_views":1},"product_brand":[],"product_cat":[86],"product_tag":[],"class_list":{"0":"post-25597","1":"product","2":"type-product","3":"status-publish","4":"has-post-thumbnail","6":"product_cat-solitaire-diamants","8":"first","9":"instock","10":"shipping-taxable","11":"purchasable","12":"product-type-variable"},"_links":{"self":[{"href":"https:\/\/www.tc26-bijoux.com\/index.php?rest_route=\/wp\/v2\/product\/25597","targetHints":{"allow":["GET"]}}],"collection":[{"href":"https:\/\/www.tc26-bijoux.com\/index.php?rest_route=\/wp\/v2\/product"}],"about":[{"href":"https:\/\/www.tc26-bijoux.com\/index.php?rest_route=\/wp\/v2\/types\/product"}],"wp:featuredmedia":[{"embeddable":true,"href":"https:\/\/www.tc26-bijoux.com\/index.php?rest_route=\/wp\/v2\/media\/935"}],"wp:attachment":[{"href":"https:\/\/www.tc26-bijoux.com\/index.php?rest_route=%2Fwp%2Fv2%2Fmedia&parent=25597"}],"wp:term":[{"taxonomy":"product_brand","embeddable":true,"href":"https:\/\/www.tc26-bijoux.com\/index.php?rest_route=%2Fwp%2Fv2%2Fproduct_brand&post=25597"},{"taxonomy":"product_cat","embeddable":true,"href":"https:\/\/www.tc26-bijoux.com\/index.php?rest_route=%2Fwp%2Fv2%2Fproduct_cat&post=25597"},{"taxonomy":"product_tag","embeddable":true,"href":"https:\/\/www.tc26-bijoux.com\/index.php?rest_route=%2Fwp%2Fv2%2Fproduct_tag&post=25597"}],"curies":[{"name":"wp","href":"https:\/\/api.w.org\/{rel}","templated":true}]}}