{"id":25634,"date":"2025-03-11T17:31:21","date_gmt":"2025-03-11T16:31:21","guid":{"rendered":"https:\/\/www.tc26-bijoux.com\/?post_type=product&#038;p=25634"},"modified":"2025-03-21T13:17:56","modified_gmt":"2025-03-21T12:17:56","slug":"solitaire-diamants-ambere","status":"publish","type":"product","link":"https:\/\/www.tc26-bijoux.com\/?product=solitaire-diamants-ambere","title":{"rendered":"Solitaire Diamants Ambere"},"content":{"rendered":"<p>Solitaire Ambere en or 18 carats, un bijou d&rsquo;exception.Fabriqu\u00e9 en or 18 carats de couleur m\u00e9tal blanc pour une allure \u00e9l\u00e9gante.Compos\u00e9 d&rsquo;une pierre centrale en diamant d&rsquo;un caratage de 0.15 carats, scintillant de beaut\u00e9.Le caratage total de ce solitaire est de 0.30 carats, offrant une brillance remarquable.La bande de l&rsquo;anneau a une largeur de 2.6 mm et les diamants pr\u00e9sentent une puret\u00e9 de GVS, assurant une qualit\u00e9 et une clart\u00e9 exceptionnelles.<\/p>\n","protected":false},"excerpt":{"rendered":"<p>Solitaire Ambere en or 18 carats, un bijou d&rsquo;exception.Fabriqu\u00e9 en or 18 carats de couleur m\u00e9tal blanc pour une allure \u00e9l\u00e9gante.Compos\u00e9 d&rsquo;une pierre centrale en diamant<span class=\"excerpt-hellip\"> [\u2026]<\/span><\/p>\n","protected":false},"featured_media":909,"template":"","meta":{"_seopress_robots_primary_cat":"","_seopress_titles_title":"","_seopress_titles_desc":"","_seopress_robots_index":"","_seopress_analysis_target_kw":"","iawp_total_views":0},"product_brand":[],"product_cat":[86],"product_tag":[],"class_list":{"0":"post-25634","1":"product","2":"type-product","3":"status-publish","4":"has-post-thumbnail","6":"product_cat-solitaire-diamants","8":"first","9":"instock","10":"shipping-taxable","11":"purchasable","12":"product-type-variable"},"_links":{"self":[{"href":"https:\/\/www.tc26-bijoux.com\/index.php?rest_route=\/wp\/v2\/product\/25634","targetHints":{"allow":["GET"]}}],"collection":[{"href":"https:\/\/www.tc26-bijoux.com\/index.php?rest_route=\/wp\/v2\/product"}],"about":[{"href":"https:\/\/www.tc26-bijoux.com\/index.php?rest_route=\/wp\/v2\/types\/product"}],"wp:featuredmedia":[{"embeddable":true,"href":"https:\/\/www.tc26-bijoux.com\/index.php?rest_route=\/wp\/v2\/media\/909"}],"wp:attachment":[{"href":"https:\/\/www.tc26-bijoux.com\/index.php?rest_route=%2Fwp%2Fv2%2Fmedia&parent=25634"}],"wp:term":[{"taxonomy":"product_brand","embeddable":true,"href":"https:\/\/www.tc26-bijoux.com\/index.php?rest_route=%2Fwp%2Fv2%2Fproduct_brand&post=25634"},{"taxonomy":"product_cat","embeddable":true,"href":"https:\/\/www.tc26-bijoux.com\/index.php?rest_route=%2Fwp%2Fv2%2Fproduct_cat&post=25634"},{"taxonomy":"product_tag","embeddable":true,"href":"https:\/\/www.tc26-bijoux.com\/index.php?rest_route=%2Fwp%2Fv2%2Fproduct_tag&post=25634"}],"curies":[{"name":"wp","href":"https:\/\/api.w.org\/{rel}","templated":true}]}}