{"id":25854,"date":"2025-03-11T17:32:10","date_gmt":"2025-03-11T16:32:10","guid":{"rendered":"https:\/\/www.tc26-bijoux.com\/?post_type=product&#038;p=25854"},"modified":"2025-03-21T13:18:18","modified_gmt":"2025-03-21T12:18:18","slug":"solitaire-diamants-et-or-18-carats-coraline","status":"publish","type":"product","link":"https:\/\/www.tc26-bijoux.com\/?product=solitaire-diamants-et-or-18-carats-coraline","title":{"rendered":"Solitaire Diamants et Or 18 Carats Coraline"},"content":{"rendered":"<p>Le solitaire Coraline est fabriqu\u00e9e en or 18 carats avec une couleur or blanc. Elle est incrust\u00e9e de diamants de couleur G, d&rsquo;une puret\u00e9 VS, avec un poids total de 0,45 carats. Les dimensions de la bague sont de 7,7&#215;9,2 mm, lui donnant une allure d\u00e9licate et \u00e9l\u00e9gante. La r\u00e9f\u00e9rence de cette bague est DNR1066. La bague Coraline est un choix id\u00e9al pour ceux qui recherchent un bijou subtil et \u00e9tincelant, ajoutant une touche de glamour \u00e0 votre tenue.<\/p>\n","protected":false},"excerpt":{"rendered":"<p>Mati\u00e8re : Or\u00a018 Carats<\/p>\n<p>Couleur m\u00e9tal : Blanc\u00a0<\/p>\n<p>Nature des\u00a0Pierres : Diamants\u00a0<\/p>\n<p>Couleur des\u00a0Diamants : G<\/p>\n<p>Puret\u00e9 des\u00a0Diamants : VS<\/p>\n<p>Poid Total des diamants\u00a0\u00a0: 0.45\u00a0Carats<\/p>\n<p>Dimension :\u00a07.7&#215;9.2\u00a0mm<\/p>\n<p>R\u00e9f\u00e9rence : DNR1066<\/p>\n","protected":false},"featured_media":5406,"template":"","meta":{"_seopress_robots_primary_cat":"","_seopress_titles_title":"","_seopress_titles_desc":"","_seopress_robots_index":"","_seopress_analysis_target_kw":"","iawp_total_views":0},"product_brand":[],"product_cat":[86],"product_tag":[],"class_list":{"0":"post-25854","1":"product","2":"type-product","3":"status-publish","4":"has-post-thumbnail","6":"product_cat-solitaire-diamants","8":"first","9":"instock","10":"shipping-taxable","11":"purchasable","12":"product-type-variable"},"_links":{"self":[{"href":"https:\/\/www.tc26-bijoux.com\/index.php?rest_route=\/wp\/v2\/product\/25854","targetHints":{"allow":["GET"]}}],"collection":[{"href":"https:\/\/www.tc26-bijoux.com\/index.php?rest_route=\/wp\/v2\/product"}],"about":[{"href":"https:\/\/www.tc26-bijoux.com\/index.php?rest_route=\/wp\/v2\/types\/product"}],"wp:featuredmedia":[{"embeddable":true,"href":"https:\/\/www.tc26-bijoux.com\/index.php?rest_route=\/wp\/v2\/media\/5406"}],"wp:attachment":[{"href":"https:\/\/www.tc26-bijoux.com\/index.php?rest_route=%2Fwp%2Fv2%2Fmedia&parent=25854"}],"wp:term":[{"taxonomy":"product_brand","embeddable":true,"href":"https:\/\/www.tc26-bijoux.com\/index.php?rest_route=%2Fwp%2Fv2%2Fproduct_brand&post=25854"},{"taxonomy":"product_cat","embeddable":true,"href":"https:\/\/www.tc26-bijoux.com\/index.php?rest_route=%2Fwp%2Fv2%2Fproduct_cat&post=25854"},{"taxonomy":"product_tag","embeddable":true,"href":"https:\/\/www.tc26-bijoux.com\/index.php?rest_route=%2Fwp%2Fv2%2Fproduct_tag&post=25854"}],"curies":[{"name":"wp","href":"https:\/\/api.w.org\/{rel}","templated":true}]}}