{"id":25965,"date":"2025-03-11T17:32:28","date_gmt":"2025-03-11T16:32:28","guid":{"rendered":"https:\/\/www.tc26-bijoux.com\/?post_type=product&#038;p=25965"},"modified":"2025-03-21T13:18:28","modified_gmt":"2025-03-21T12:18:28","slug":"solitaire-or-diamants-corail","status":"publish","type":"product","link":"https:\/\/www.tc26-bijoux.com\/?product=solitaire-or-diamants-corail","title":{"rendered":"Solitaire Or Diamants Corail"},"content":{"rendered":"<p>Le solitaire Cora est confectionn\u00e9e en or 18 carats avec une couleur or blanc. Elle est orn\u00e9e de diamants de couleur G, d&rsquo;une puret\u00e9 VS, avec un poids total de 0,50 carats. Les dimensions de la bague sont de 7,9&#215;9,9 mm, lui conf\u00e9rant une apparence d\u00e9licate et \u00e9l\u00e9gante. La r\u00e9f\u00e9rence de cette bague est XYR11919. La bague Cora est un choix parfait pour ceux qui recherchent un bijou subtil et \u00e9tincelant, apportant une touche de glamour \u00e0 votre tenue.<\/p>\n","protected":false},"excerpt":{"rendered":"<p>Mati\u00e8re : Or 18 Carats<\/p>\n<p>Couleur m\u00e9tal : Blanc\u00a0<\/p>\n<p>Nature des\u00a0Pierres : Diamants\u00a0<\/p>\n<p>Couleur des\u00a0Diamants : G<\/p>\n<p>Puret\u00e9 des\u00a0Diamants : VS<\/p>\n<p>Poid Total des diamants\u00a0\u00a0: 0.50\u00a0Carats<\/p>\n<p>Dimension :\u00a07.9&#215;9.9\u00a0mm<\/p>\n<p>R\u00e9f\u00e9rence : XYR11919<\/p>\n","protected":false},"featured_media":5437,"template":"","meta":{"_seopress_robots_primary_cat":"","_seopress_titles_title":"","_seopress_titles_desc":"","_seopress_robots_index":"","_seopress_analysis_target_kw":"","iawp_total_views":0},"product_brand":[],"product_cat":[86],"product_tag":[],"class_list":{"0":"post-25965","1":"product","2":"type-product","3":"status-publish","4":"has-post-thumbnail","6":"product_cat-solitaire-diamants","8":"first","9":"instock","10":"shipping-taxable","11":"purchasable","12":"product-type-variable"},"_links":{"self":[{"href":"https:\/\/www.tc26-bijoux.com\/index.php?rest_route=\/wp\/v2\/product\/25965","targetHints":{"allow":["GET"]}}],"collection":[{"href":"https:\/\/www.tc26-bijoux.com\/index.php?rest_route=\/wp\/v2\/product"}],"about":[{"href":"https:\/\/www.tc26-bijoux.com\/index.php?rest_route=\/wp\/v2\/types\/product"}],"wp:featuredmedia":[{"embeddable":true,"href":"https:\/\/www.tc26-bijoux.com\/index.php?rest_route=\/wp\/v2\/media\/5437"}],"wp:attachment":[{"href":"https:\/\/www.tc26-bijoux.com\/index.php?rest_route=%2Fwp%2Fv2%2Fmedia&parent=25965"}],"wp:term":[{"taxonomy":"product_brand","embeddable":true,"href":"https:\/\/www.tc26-bijoux.com\/index.php?rest_route=%2Fwp%2Fv2%2Fproduct_brand&post=25965"},{"taxonomy":"product_cat","embeddable":true,"href":"https:\/\/www.tc26-bijoux.com\/index.php?rest_route=%2Fwp%2Fv2%2Fproduct_cat&post=25965"},{"taxonomy":"product_tag","embeddable":true,"href":"https:\/\/www.tc26-bijoux.com\/index.php?rest_route=%2Fwp%2Fv2%2Fproduct_tag&post=25965"}],"curies":[{"name":"wp","href":"https:\/\/api.w.org\/{rel}","templated":true}]}}