{"id":26076,"date":"2025-03-11T17:32:50","date_gmt":"2025-03-11T16:32:50","guid":{"rendered":"https:\/\/www.tc26-bijoux.com\/?post_type=product&#038;p=26076"},"modified":"2025-03-21T13:18:40","modified_gmt":"2025-03-21T12:18:40","slug":"solitaire-diamants-marquise-2","status":"publish","type":"product","link":"https:\/\/www.tc26-bijoux.com\/?product=solitaire-diamants-marquise-2","title":{"rendered":"Solitaire Diamants Marquise 2"},"content":{"rendered":"<p>La bague de fian\u00e7ailles Marquise 2 est un bijou en or 18 carats incrust\u00e9 de magnifiques diamants. Sa forme marquise, \u00e9l\u00e9gante et distinctive, est mise en valeur par la brillance des diamants qui l&rsquo;ornent. Avec son design classique et intemporel, cette bague est un symbole d&rsquo;\u00e9l\u00e9gance et de sophistication. Que ce soit pour une occasion sp\u00e9ciale ou simplement pour se faire plaisir, la bague Marquise 2 est un choix qui ne manquera pas d&rsquo;attirer l&rsquo;attention et de capturer les regards.<\/p>\n","protected":false},"excerpt":{"rendered":"<p>Mati\u00e8re : Or 18 Carats<\/p>\n<p>Couleur m\u00e9tal : Blanc\u00a0<\/p>\n<p>Nature des\u00a0Pierres : Diamants\u00a0<\/p>\n<p>Couleur des\u00a0Diamants : G<\/p>\n<p>Puret\u00e9 des\u00a0Diamants : VS<\/p>\n<p>Poid Total des diamants\u00a0\u00a0: 0.45\u00a0Carats<\/p>\n<p>Dimension :\u00a08.2&#215;13.6\u00a0mm<\/p>\n<p>R\u00e9f\u00e9rence : DNR0989<\/p>\n","protected":false},"featured_media":5468,"template":"","meta":{"_seopress_robots_primary_cat":"","_seopress_titles_title":"","_seopress_titles_desc":"","_seopress_robots_index":"","_seopress_analysis_target_kw":"","iawp_total_views":2},"product_brand":[],"product_cat":[86],"product_tag":[],"class_list":{"0":"post-26076","1":"product","2":"type-product","3":"status-publish","4":"has-post-thumbnail","6":"product_cat-solitaire-diamants","8":"first","9":"instock","10":"shipping-taxable","11":"purchasable","12":"product-type-variable"},"_links":{"self":[{"href":"https:\/\/www.tc26-bijoux.com\/index.php?rest_route=\/wp\/v2\/product\/26076","targetHints":{"allow":["GET"]}}],"collection":[{"href":"https:\/\/www.tc26-bijoux.com\/index.php?rest_route=\/wp\/v2\/product"}],"about":[{"href":"https:\/\/www.tc26-bijoux.com\/index.php?rest_route=\/wp\/v2\/types\/product"}],"wp:featuredmedia":[{"embeddable":true,"href":"https:\/\/www.tc26-bijoux.com\/index.php?rest_route=\/wp\/v2\/media\/5468"}],"wp:attachment":[{"href":"https:\/\/www.tc26-bijoux.com\/index.php?rest_route=%2Fwp%2Fv2%2Fmedia&parent=26076"}],"wp:term":[{"taxonomy":"product_brand","embeddable":true,"href":"https:\/\/www.tc26-bijoux.com\/index.php?rest_route=%2Fwp%2Fv2%2Fproduct_brand&post=26076"},{"taxonomy":"product_cat","embeddable":true,"href":"https:\/\/www.tc26-bijoux.com\/index.php?rest_route=%2Fwp%2Fv2%2Fproduct_cat&post=26076"},{"taxonomy":"product_tag","embeddable":true,"href":"https:\/\/www.tc26-bijoux.com\/index.php?rest_route=%2Fwp%2Fv2%2Fproduct_tag&post=26076"}],"curies":[{"name":"wp","href":"https:\/\/api.w.org\/{rel}","templated":true}]}}