{"id":26443,"date":"2025-03-11T17:34:01","date_gmt":"2025-03-11T16:34:01","guid":{"rendered":"https:\/\/www.tc26-bijoux.com\/?post_type=product&#038;p=26443"},"modified":"2025-03-21T13:19:38","modified_gmt":"2025-03-21T12:19:38","slug":"solitaire-diamants-aliza","status":"publish","type":"product","link":"https:\/\/www.tc26-bijoux.com\/?product=solitaire-diamants-aliza","title":{"rendered":"Solitaire Diamants Aliza"},"content":{"rendered":"<p>Le solitaire \u00ab\u00a0Alizia\u00a0\u00bb est un bijou d&rsquo;une grande finesse et d&rsquo;une beaut\u00e9 intemporelle. Fabriqu\u00e9 en or 18 carats, il est disponible en diff\u00e9rentes couleurs : blanc, jaune ou rose, pour s&rsquo;adapter \u00e0 tous les go\u00fbts. La pierre centrale, disponible en diff\u00e9rents caratages allant de 0,30 \u00e0 2,00 carats, brille de toute sa splendeur.Avec une largeur de bande de 1,8 \u00e0 2,2 mm, ce solitaire \u00ab\u00a0Alizia\u00a0\u00bb met en valeur la pierre pr\u00e9cieuse et offre un design d\u00e9licat. Les diamants qui l&rsquo;entourent, d&rsquo;une puret\u00e9 GVS, ajoutent une touche suppl\u00e9mentaire d&rsquo;\u00e9clat et de brillance. Ce solitaire incarne l&rsquo;\u00e9l\u00e9gance et la sophistication, et est un choix parfait pour c\u00e9l\u00e9brer les moments pr\u00e9cieux de la vie.<\/p>\n","protected":false},"excerpt":{"rendered":"<p>Le solitaire \u00ab\u00a0Alizia\u00a0\u00bb est un bijou d&rsquo;une grande finesse et d&rsquo;une beaut\u00e9 intemporelle. Fabriqu\u00e9 en or 18 carats, il est disponible en diff\u00e9rentes couleurs : blanc,<span class=\"excerpt-hellip\"> [\u2026]<\/span><\/p>\n","protected":false},"featured_media":753,"template":"","meta":{"_seopress_robots_primary_cat":"","_seopress_titles_title":"","_seopress_titles_desc":"","_seopress_robots_index":"","_seopress_analysis_target_kw":"","iawp_total_views":20},"product_brand":[],"product_cat":[86],"product_tag":[],"class_list":{"0":"post-26443","1":"product","2":"type-product","3":"status-publish","4":"has-post-thumbnail","6":"product_cat-solitaire-diamants","8":"first","9":"instock","10":"shipping-taxable","11":"purchasable","12":"product-type-variable"},"_links":{"self":[{"href":"https:\/\/www.tc26-bijoux.com\/index.php?rest_route=\/wp\/v2\/product\/26443","targetHints":{"allow":["GET"]}}],"collection":[{"href":"https:\/\/www.tc26-bijoux.com\/index.php?rest_route=\/wp\/v2\/product"}],"about":[{"href":"https:\/\/www.tc26-bijoux.com\/index.php?rest_route=\/wp\/v2\/types\/product"}],"wp:featuredmedia":[{"embeddable":true,"href":"https:\/\/www.tc26-bijoux.com\/index.php?rest_route=\/wp\/v2\/media\/753"}],"wp:attachment":[{"href":"https:\/\/www.tc26-bijoux.com\/index.php?rest_route=%2Fwp%2Fv2%2Fmedia&parent=26443"}],"wp:term":[{"taxonomy":"product_brand","embeddable":true,"href":"https:\/\/www.tc26-bijoux.com\/index.php?rest_route=%2Fwp%2Fv2%2Fproduct_brand&post=26443"},{"taxonomy":"product_cat","embeddable":true,"href":"https:\/\/www.tc26-bijoux.com\/index.php?rest_route=%2Fwp%2Fv2%2Fproduct_cat&post=26443"},{"taxonomy":"product_tag","embeddable":true,"href":"https:\/\/www.tc26-bijoux.com\/index.php?rest_route=%2Fwp%2Fv2%2Fproduct_tag&post=26443"}],"curies":[{"name":"wp","href":"https:\/\/api.w.org\/{rel}","templated":true}]}}