{"id":27026,"date":"2025-03-11T17:36:12","date_gmt":"2025-03-11T16:36:12","guid":{"rendered":"https:\/\/www.tc26-bijoux.com\/?post_type=product&#038;p=27026"},"modified":"2025-03-21T13:20:19","modified_gmt":"2025-03-21T12:20:19","slug":"solitaire-diamants-et-or-18k-abeline","status":"publish","type":"product","link":"https:\/\/www.tc26-bijoux.com\/?product=solitaire-diamants-et-or-18k-abeline","title":{"rendered":"Solitaire Diamants et Or 18K Abeline"},"content":{"rendered":"<p>La bague de fian\u00e7ailles Abeline est une bague en or 18 carats orn\u00e9e d&rsquo;un magnifique diamant central. La nature de la pierre est un diamant, qui est reconnu pour sa beaut\u00e9 et sa durabilit\u00e9. Vous avez le choix entre une pierre centrale d&rsquo;un caratage de 0.25 ou 0.50 carats, offrant diff\u00e9rentes options de taille et de pr\u00e9sence sur la bague. Le caratage total de la bague varie \u00e9galement, avec des options de 0.50 ou 0.80 carats. La bande de la bague a une largeur de 1.3 ou 1.4 mm, ajoutant une touche de d\u00e9licatesse \u00e0 la pi\u00e8ce. Le solitaire Abeline est un choix classique et \u00e9l\u00e9gant, parfait pour une bague de fian\u00e7ailles ou pour c\u00e9l\u00e9brer une occasion sp\u00e9ciale.<\/p>\n","protected":false},"excerpt":{"rendered":"<p>Mati\u00e8re : Or 18 Carats<\/p>\n<p>Couleur m\u00e9tal : Blanc\u00a0<\/p>\n<p>Nature de\u00a0la \u00a0Pierres : Diamants\u00a0<\/p>\n<p>Caratage de la Pierre Centrale\u00a0\u00a0\u00a0:\u00a00.25 \/ 0.50\u00a0Carats<\/p>\n<p>Caratage Total : 0.50 \/ 0.80\u00a0Carats\u00a0<\/p>\n<p>Largeur de la bande : 1.3 \/ 1.4\u00a0\u00a0mm<\/p>\n<p>Puret\u00e9 \u00a0Diamants : GVS\u00a0<\/p>\n<p>R\u00e9f\u00e9rence : BJR0072 \/ BJR0073<\/p>\n","protected":false},"featured_media":5877,"template":"","meta":{"_seopress_robots_primary_cat":"","_seopress_titles_title":"","_seopress_titles_desc":"","_seopress_robots_index":"","_seopress_analysis_target_kw":"","iawp_total_views":1},"product_brand":[],"product_cat":[86],"product_tag":[],"class_list":{"0":"post-27026","1":"product","2":"type-product","3":"status-publish","4":"has-post-thumbnail","6":"product_cat-solitaire-diamants","8":"first","9":"instock","10":"shipping-taxable","11":"purchasable","12":"product-type-variable"},"_links":{"self":[{"href":"https:\/\/www.tc26-bijoux.com\/index.php?rest_route=\/wp\/v2\/product\/27026","targetHints":{"allow":["GET"]}}],"collection":[{"href":"https:\/\/www.tc26-bijoux.com\/index.php?rest_route=\/wp\/v2\/product"}],"about":[{"href":"https:\/\/www.tc26-bijoux.com\/index.php?rest_route=\/wp\/v2\/types\/product"}],"wp:featuredmedia":[{"embeddable":true,"href":"https:\/\/www.tc26-bijoux.com\/index.php?rest_route=\/wp\/v2\/media\/5877"}],"wp:attachment":[{"href":"https:\/\/www.tc26-bijoux.com\/index.php?rest_route=%2Fwp%2Fv2%2Fmedia&parent=27026"}],"wp:term":[{"taxonomy":"product_brand","embeddable":true,"href":"https:\/\/www.tc26-bijoux.com\/index.php?rest_route=%2Fwp%2Fv2%2Fproduct_brand&post=27026"},{"taxonomy":"product_cat","embeddable":true,"href":"https:\/\/www.tc26-bijoux.com\/index.php?rest_route=%2Fwp%2Fv2%2Fproduct_cat&post=27026"},{"taxonomy":"product_tag","embeddable":true,"href":"https:\/\/www.tc26-bijoux.com\/index.php?rest_route=%2Fwp%2Fv2%2Fproduct_tag&post=27026"}],"curies":[{"name":"wp","href":"https:\/\/api.w.org\/{rel}","templated":true}]}}