{"id":27210,"date":"2025-03-11T17:36:49","date_gmt":"2025-03-11T16:36:49","guid":{"rendered":"https:\/\/www.tc26-bijoux.com\/?post_type=product&#038;p=27210"},"modified":"2025-03-21T13:20:33","modified_gmt":"2025-03-21T12:20:33","slug":"solitaire-diamants-et-or-18-carats-prima","status":"publish","type":"product","link":"https:\/\/www.tc26-bijoux.com\/?product=solitaire-diamants-et-or-18-carats-prima","title":{"rendered":"Solitaire Diamants et Or 18 Carats Prima"},"content":{"rendered":"<p>La bague de fian\u00e7ailles Prima est disponible en or 18 carats dans les options de couleur Blanc, Jaune et Rose. Elle est magnifiquement orn\u00e9e de diamants. La nature des pierres est donc des diamants, qui ajoutent une touche d&rsquo;\u00e9clat et de sophistication \u00e0 la bague. Les diamants utilis\u00e9s sont soigneusement s\u00e9lectionn\u00e9s pour leur qualit\u00e9 et leur \u00e9clat. La bague Prima est un choix \u00e9l\u00e9gant et intemporel pour symboliser votre amour et votre engagement. Son design polyvalent et son choix de couleurs d&rsquo;or vous permettent de choisir celle qui correspond le mieux \u00e0 votre style et \u00e0 vos pr\u00e9f\u00e9rences personnelles.<\/p>\n","protected":false},"excerpt":{"rendered":"<p>Mati\u00e8re : Or\u00a018 Carats<\/p>\n<p>Couleur m\u00e9tal : Blanc\/Jaune\/Rose<\/p>\n<p>Nature des\u00a0Pierres : Diamants\u00a0<\/p>\n<p>Couleur des\u00a0Diamants : G<\/p>\n<p>Puret\u00e9 des\u00a0Diamants : VS<\/p>\n<p>Poid Total des diamants\u00a0\u00a0: 0.60\u00a0Carats<\/p>\n<p>Dimension :\u00a07&#215;9.9 mm<\/p>\n<p>R\u00e9f\u00e9rence : XYR11921<\/p>\n","protected":false},"featured_media":6323,"template":"","meta":{"_seopress_robots_primary_cat":"","_seopress_titles_title":"","_seopress_titles_desc":"","_seopress_robots_index":"","_seopress_analysis_target_kw":"","iawp_total_views":0},"product_brand":[],"product_cat":[86],"product_tag":[],"class_list":{"0":"post-27210","1":"product","2":"type-product","3":"status-publish","4":"has-post-thumbnail","6":"product_cat-solitaire-diamants","8":"first","9":"instock","10":"shipping-taxable","11":"purchasable","12":"product-type-variable"},"_links":{"self":[{"href":"https:\/\/www.tc26-bijoux.com\/index.php?rest_route=\/wp\/v2\/product\/27210","targetHints":{"allow":["GET"]}}],"collection":[{"href":"https:\/\/www.tc26-bijoux.com\/index.php?rest_route=\/wp\/v2\/product"}],"about":[{"href":"https:\/\/www.tc26-bijoux.com\/index.php?rest_route=\/wp\/v2\/types\/product"}],"wp:featuredmedia":[{"embeddable":true,"href":"https:\/\/www.tc26-bijoux.com\/index.php?rest_route=\/wp\/v2\/media\/6323"}],"wp:attachment":[{"href":"https:\/\/www.tc26-bijoux.com\/index.php?rest_route=%2Fwp%2Fv2%2Fmedia&parent=27210"}],"wp:term":[{"taxonomy":"product_brand","embeddable":true,"href":"https:\/\/www.tc26-bijoux.com\/index.php?rest_route=%2Fwp%2Fv2%2Fproduct_brand&post=27210"},{"taxonomy":"product_cat","embeddable":true,"href":"https:\/\/www.tc26-bijoux.com\/index.php?rest_route=%2Fwp%2Fv2%2Fproduct_cat&post=27210"},{"taxonomy":"product_tag","embeddable":true,"href":"https:\/\/www.tc26-bijoux.com\/index.php?rest_route=%2Fwp%2Fv2%2Fproduct_tag&post=27210"}],"curies":[{"name":"wp","href":"https:\/\/api.w.org\/{rel}","templated":true}]}}