{"id":27431,"date":"2025-03-11T17:37:33","date_gmt":"2025-03-11T16:37:33","guid":{"rendered":"https:\/\/www.tc26-bijoux.com\/?post_type=product&#038;p=27431"},"modified":"2025-03-21T13:20:55","modified_gmt":"2025-03-21T12:20:55","slug":"solitaire-diamants-izabela","status":"publish","type":"product","link":"https:\/\/www.tc26-bijoux.com\/?product=solitaire-diamants-izabela","title":{"rendered":"Solitaire Diamants Izabela"},"content":{"rendered":"<p>Le solitaire Izabela en or 18 carats est une bague \u00e9l\u00e9gante mettant en valeur un diamant central. Fabriqu\u00e9 en or de haute qualit\u00e9, cette bague solitaire est disponible en diff\u00e9rentes teintes d&rsquo;or, telles que le blanc, le rose ou le jaune. Les diamants qui ornent cette bague ajoutent une brillance \u00e9tincelante, et leur couleur G et leur puret\u00e9 VS garantissent une qualit\u00e9 remarquable. L&rsquo;Izabela est un choix classique et intemporel pour ceux qui recherchent une bague solitaire en diamant \u00e9l\u00e9gante et sophistiqu\u00e9e.<\/p>\n","protected":false},"excerpt":{"rendered":"<p>Mati\u00e8re : Or 18 Carats<\/p>\n<p>Couleur m\u00e9tal : Blanc\u00a0<\/p>\n<p>Nature des\u00a0Pierres : Diamants\u00a0<\/p>\n<p>Couleur des\u00a0Diamants : G<\/p>\n<p>Puret\u00e9 des\u00a0Diamants : VS<\/p>\n<p>Poid Total des diamants\u00a0\u00a0: 0.70\u00a0Carats<\/p>\n<p>Dimension :\u00a08&#215;14\u00a0mm<\/p>\n<p>R\u00e9f\u00e9rence : DNR0976<\/p>\n","protected":false},"featured_media":5560,"template":"","meta":{"_seopress_robots_primary_cat":"","_seopress_titles_title":"","_seopress_titles_desc":"","_seopress_robots_index":"","_seopress_analysis_target_kw":"","iawp_total_views":2},"product_brand":[],"product_cat":[86],"product_tag":[],"class_list":{"0":"post-27431","1":"product","2":"type-product","3":"status-publish","4":"has-post-thumbnail","6":"product_cat-solitaire-diamants","8":"first","9":"instock","10":"shipping-taxable","11":"purchasable","12":"product-type-variable"},"_links":{"self":[{"href":"https:\/\/www.tc26-bijoux.com\/index.php?rest_route=\/wp\/v2\/product\/27431","targetHints":{"allow":["GET"]}}],"collection":[{"href":"https:\/\/www.tc26-bijoux.com\/index.php?rest_route=\/wp\/v2\/product"}],"about":[{"href":"https:\/\/www.tc26-bijoux.com\/index.php?rest_route=\/wp\/v2\/types\/product"}],"wp:featuredmedia":[{"embeddable":true,"href":"https:\/\/www.tc26-bijoux.com\/index.php?rest_route=\/wp\/v2\/media\/5560"}],"wp:attachment":[{"href":"https:\/\/www.tc26-bijoux.com\/index.php?rest_route=%2Fwp%2Fv2%2Fmedia&parent=27431"}],"wp:term":[{"taxonomy":"product_brand","embeddable":true,"href":"https:\/\/www.tc26-bijoux.com\/index.php?rest_route=%2Fwp%2Fv2%2Fproduct_brand&post=27431"},{"taxonomy":"product_cat","embeddable":true,"href":"https:\/\/www.tc26-bijoux.com\/index.php?rest_route=%2Fwp%2Fv2%2Fproduct_cat&post=27431"},{"taxonomy":"product_tag","embeddable":true,"href":"https:\/\/www.tc26-bijoux.com\/index.php?rest_route=%2Fwp%2Fv2%2Fproduct_tag&post=27431"}],"curies":[{"name":"wp","href":"https:\/\/api.w.org\/{rel}","templated":true}]}}