{"id":27541,"date":"2025-03-11T17:37:55","date_gmt":"2025-03-11T16:37:55","guid":{"rendered":"https:\/\/www.tc26-bijoux.com\/?post_type=product&#038;p=27541"},"modified":"2025-03-21T13:21:08","modified_gmt":"2025-03-21T12:21:08","slug":"solitaire-diamants-axelle","status":"publish","type":"product","link":"https:\/\/www.tc26-bijoux.com\/?product=solitaire-diamants-axelle","title":{"rendered":"Solitaire Diamants Axelle"},"content":{"rendered":"<p>Le solitaire Axelle en or 18 carats, couleur blanc, est orn\u00e9 de diamants de couleur G et de puret\u00e9 VS. Deux options sont disponibles avec un poids total de diamants de 0,60 carats et des dimensions de 7,7&#215;8,5 mm (r\u00e9f\u00e9rence DNR0918) ou un poids total de 0,80 carats et des dimensions de 9&#215;10 mm (r\u00e9f\u00e9rence DNR1161). Ces solitaires diamants sont un choix classique et \u00e9l\u00e9gant pour symboliser l&rsquo;amour et l&rsquo;engagement, ajoutant une touche de brillance \u00e0 votre doigt.<\/p>\n","protected":false},"excerpt":{"rendered":"<p>Le solitaire Axelle en or 18 carats, couleur blanc, est orn\u00e9 de diamants de couleur G et de puret\u00e9 VS. Deux options sont disponibles avec un<span class=\"excerpt-hellip\"> [\u2026]<\/span><\/p>\n","protected":false},"featured_media":6291,"template":"","meta":{"_seopress_robots_primary_cat":"","_seopress_titles_title":"","_seopress_titles_desc":"","_seopress_robots_index":"","_seopress_analysis_target_kw":"","iawp_total_views":1},"product_brand":[],"product_cat":[86],"product_tag":[],"class_list":{"0":"post-27541","1":"product","2":"type-product","3":"status-publish","4":"has-post-thumbnail","6":"product_cat-solitaire-diamants","8":"first","9":"instock","10":"shipping-taxable","11":"purchasable","12":"product-type-variable"},"_links":{"self":[{"href":"https:\/\/www.tc26-bijoux.com\/index.php?rest_route=\/wp\/v2\/product\/27541","targetHints":{"allow":["GET"]}}],"collection":[{"href":"https:\/\/www.tc26-bijoux.com\/index.php?rest_route=\/wp\/v2\/product"}],"about":[{"href":"https:\/\/www.tc26-bijoux.com\/index.php?rest_route=\/wp\/v2\/types\/product"}],"wp:featuredmedia":[{"embeddable":true,"href":"https:\/\/www.tc26-bijoux.com\/index.php?rest_route=\/wp\/v2\/media\/6291"}],"wp:attachment":[{"href":"https:\/\/www.tc26-bijoux.com\/index.php?rest_route=%2Fwp%2Fv2%2Fmedia&parent=27541"}],"wp:term":[{"taxonomy":"product_brand","embeddable":true,"href":"https:\/\/www.tc26-bijoux.com\/index.php?rest_route=%2Fwp%2Fv2%2Fproduct_brand&post=27541"},{"taxonomy":"product_cat","embeddable":true,"href":"https:\/\/www.tc26-bijoux.com\/index.php?rest_route=%2Fwp%2Fv2%2Fproduct_cat&post=27541"},{"taxonomy":"product_tag","embeddable":true,"href":"https:\/\/www.tc26-bijoux.com\/index.php?rest_route=%2Fwp%2Fv2%2Fproduct_tag&post=27541"}],"curies":[{"name":"wp","href":"https:\/\/api.w.org\/{rel}","templated":true}]}}