{"id":27799,"date":"2025-03-11T17:38:48","date_gmt":"2025-03-11T16:38:48","guid":{"rendered":"https:\/\/www.tc26-bijoux.com\/?post_type=product&#038;p=27799"},"modified":"2025-04-11T12:53:40","modified_gmt":"2025-04-11T10:53:40","slug":"solitaire-diamants-elia","status":"publish","type":"product","link":"https:\/\/www.tc26-bijoux.com\/?product=solitaire-diamants-elia","title":{"rendered":"Solitaire Diamants Elia"},"content":{"rendered":"<p>Le solitaire Elia est r\u00e9alis\u00e9 en or 18 carats, mettant en valeur la qualit\u00e9 et l&rsquo;\u00e9clat de l&rsquo;or pr\u00e9cieux. Il pr\u00e9sente un design intemporel avec une pierre principale en diamant, symbolisant l&rsquo;amour et l&rsquo;engagement. Les diamants utilis\u00e9s sont de haute qualit\u00e9, avec une couleur G et une puret\u00e9 VS, garantissant un \u00e9clat \u00e9tincelant. La bague Elia est un choix classique et \u00e9l\u00e9gant, parfait pour c\u00e9l\u00e9brer les moments sp\u00e9ciaux de la vie et pour t\u00e9moigner de votre amour et de votre engagement.<\/p>\n","protected":false},"excerpt":{"rendered":"<p>Le solitaire Elia est r\u00e9alis\u00e9 en or 18 carats, mettant en valeur la qualit\u00e9 et l&rsquo;\u00e9clat de l&rsquo;or pr\u00e9cieux. Il pr\u00e9sente un design intemporel avec une<span class=\"excerpt-hellip\"> [\u2026]<\/span><\/p>\n","protected":false},"featured_media":5252,"template":"","meta":{"_seopress_robots_primary_cat":"","_seopress_titles_title":"","_seopress_titles_desc":"","_seopress_robots_index":"","_seopress_analysis_target_kw":"","iawp_total_views":4},"product_brand":[],"product_cat":[86],"product_tag":[],"class_list":{"0":"post-27799","1":"product","2":"type-product","3":"status-publish","4":"has-post-thumbnail","6":"product_cat-solitaire-diamants","8":"first","9":"instock","10":"featured","11":"shipping-taxable","12":"purchasable","13":"product-type-variable"},"_links":{"self":[{"href":"https:\/\/www.tc26-bijoux.com\/index.php?rest_route=\/wp\/v2\/product\/27799","targetHints":{"allow":["GET"]}}],"collection":[{"href":"https:\/\/www.tc26-bijoux.com\/index.php?rest_route=\/wp\/v2\/product"}],"about":[{"href":"https:\/\/www.tc26-bijoux.com\/index.php?rest_route=\/wp\/v2\/types\/product"}],"wp:featuredmedia":[{"embeddable":true,"href":"https:\/\/www.tc26-bijoux.com\/index.php?rest_route=\/wp\/v2\/media\/5252"}],"wp:attachment":[{"href":"https:\/\/www.tc26-bijoux.com\/index.php?rest_route=%2Fwp%2Fv2%2Fmedia&parent=27799"}],"wp:term":[{"taxonomy":"product_brand","embeddable":true,"href":"https:\/\/www.tc26-bijoux.com\/index.php?rest_route=%2Fwp%2Fv2%2Fproduct_brand&post=27799"},{"taxonomy":"product_cat","embeddable":true,"href":"https:\/\/www.tc26-bijoux.com\/index.php?rest_route=%2Fwp%2Fv2%2Fproduct_cat&post=27799"},{"taxonomy":"product_tag","embeddable":true,"href":"https:\/\/www.tc26-bijoux.com\/index.php?rest_route=%2Fwp%2Fv2%2Fproduct_tag&post=27799"}],"curies":[{"name":"wp","href":"https:\/\/api.w.org\/{rel}","templated":true}]}}