{"id":27836,"date":"2025-03-11T17:38:54","date_gmt":"2025-03-11T16:38:54","guid":{"rendered":"https:\/\/www.tc26-bijoux.com\/?post_type=product&#038;p=27836"},"modified":"2025-03-21T13:21:31","modified_gmt":"2025-03-21T12:21:31","slug":"solitaire-diamants-cindy","status":"publish","type":"product","link":"https:\/\/www.tc26-bijoux.com\/?product=solitaire-diamants-cindy","title":{"rendered":"Solitaire Diamants Cindy"},"content":{"rendered":"<p>Le solitaire Cindy en or 18 carats est r\u00e9alis\u00e9 avec un or de couleur blanc. Il est serti d&rsquo;un diamant de couleur G, d&rsquo;une puret\u00e9 VS, avec un poids total de 0,70 carats. Les dimensions de la bague sont de 8,8 mm, ce qui en fait un bijou raffin\u00e9 et \u00e9l\u00e9gant. Ce solitaire diamant est un choix intemporel pour symboliser l&rsquo;amour et l&rsquo;engagement, apportant une touche d&rsquo;\u00e9clat et de sophistication \u00e0 votre doigt.<\/p>\n","protected":false},"excerpt":{"rendered":"<p>Mati\u00e8re : Or 18 Carats<\/p>\n<p>Couleur m\u00e9tal : Blanc\u00a0<\/p>\n<p>Nature des\u00a0Pierres : Diamants\u00a0<\/p>\n<p>Couleur des\u00a0Diamants : G<\/p>\n<p>Puret\u00e9 des\u00a0Diamants : VS<\/p>\n<p>Poid Total des diamants\u00a0\u00a0: 0.70\u00a0Carats<\/p>\n<p>Dimension :\u00a08.8\u00a0mm<\/p>\n<p>R\u00e9f\u00e9rence : DNR0929<\/p>\n","protected":false},"featured_media":6260,"template":"","meta":{"_seopress_robots_primary_cat":"","_seopress_titles_title":"","_seopress_titles_desc":"","_seopress_robots_index":"","_seopress_analysis_target_kw":"","iawp_total_views":3},"product_brand":[],"product_cat":[86],"product_tag":[],"class_list":{"0":"post-27836","1":"product","2":"type-product","3":"status-publish","4":"has-post-thumbnail","6":"product_cat-solitaire-diamants","8":"first","9":"instock","10":"shipping-taxable","11":"purchasable","12":"product-type-variable"},"_links":{"self":[{"href":"https:\/\/www.tc26-bijoux.com\/index.php?rest_route=\/wp\/v2\/product\/27836","targetHints":{"allow":["GET"]}}],"collection":[{"href":"https:\/\/www.tc26-bijoux.com\/index.php?rest_route=\/wp\/v2\/product"}],"about":[{"href":"https:\/\/www.tc26-bijoux.com\/index.php?rest_route=\/wp\/v2\/types\/product"}],"wp:featuredmedia":[{"embeddable":true,"href":"https:\/\/www.tc26-bijoux.com\/index.php?rest_route=\/wp\/v2\/media\/6260"}],"wp:attachment":[{"href":"https:\/\/www.tc26-bijoux.com\/index.php?rest_route=%2Fwp%2Fv2%2Fmedia&parent=27836"}],"wp:term":[{"taxonomy":"product_brand","embeddable":true,"href":"https:\/\/www.tc26-bijoux.com\/index.php?rest_route=%2Fwp%2Fv2%2Fproduct_brand&post=27836"},{"taxonomy":"product_cat","embeddable":true,"href":"https:\/\/www.tc26-bijoux.com\/index.php?rest_route=%2Fwp%2Fv2%2Fproduct_cat&post=27836"},{"taxonomy":"product_tag","embeddable":true,"href":"https:\/\/www.tc26-bijoux.com\/index.php?rest_route=%2Fwp%2Fv2%2Fproduct_tag&post=27836"}],"curies":[{"name":"wp","href":"https:\/\/api.w.org\/{rel}","templated":true}]}}