{"id":27984,"date":"2025-03-11T17:39:23","date_gmt":"2025-03-11T16:39:23","guid":{"rendered":"https:\/\/www.tc26-bijoux.com\/?post_type=product&#038;p=27984"},"modified":"2025-03-21T13:21:56","modified_gmt":"2025-03-21T12:21:56","slug":"solitaire-or-diamants-alicia","status":"publish","type":"product","link":"https:\/\/www.tc26-bijoux.com\/?product=solitaire-or-diamants-alicia","title":{"rendered":"Solitaire or Diamants Alicia"},"content":{"rendered":"<p>D\u00e9couvrez \u00ab\u00a0Alicia\u00a0\u00bb, un solitaire en or 18 carats d&rsquo;une beaut\u00e9 \u00e9blouissante. Sa couleur blanche ajoute une touche de puret\u00e9 et d&rsquo;\u00e9l\u00e9gance \u00e0 cette pi\u00e8ce remarquable. La pierre centrale varie en caratage, offrant des options allant de 0,30 \u00e0 1,00 carats, tandis que le caratage total varie de 0,50 \u00e0 1,35 carats.<\/p>\n","protected":false},"excerpt":{"rendered":"<p>D\u00e9couvrez \u00ab\u00a0Alicia\u00a0\u00bb, un solitaire en or 18 carats d&rsquo;une beaut\u00e9 \u00e9blouissante. Sa couleur blanche ajoute une touche de puret\u00e9 et d&rsquo;\u00e9l\u00e9gance \u00e0 cette pi\u00e8ce remarquable. La<span class=\"excerpt-hellip\"> [\u2026]<\/span><\/p>\n","protected":false},"featured_media":5841,"template":"","meta":{"_seopress_robots_primary_cat":"","_seopress_titles_title":"","_seopress_titles_desc":"","_seopress_robots_index":"","_seopress_analysis_target_kw":"","iawp_total_views":11},"product_brand":[],"product_cat":[86],"product_tag":[],"class_list":{"0":"post-27984","1":"product","2":"type-product","3":"status-publish","4":"has-post-thumbnail","6":"product_cat-solitaire-diamants","8":"first","9":"instock","10":"shipping-taxable","11":"purchasable","12":"product-type-variable"},"_links":{"self":[{"href":"https:\/\/www.tc26-bijoux.com\/index.php?rest_route=\/wp\/v2\/product\/27984","targetHints":{"allow":["GET"]}}],"collection":[{"href":"https:\/\/www.tc26-bijoux.com\/index.php?rest_route=\/wp\/v2\/product"}],"about":[{"href":"https:\/\/www.tc26-bijoux.com\/index.php?rest_route=\/wp\/v2\/types\/product"}],"wp:featuredmedia":[{"embeddable":true,"href":"https:\/\/www.tc26-bijoux.com\/index.php?rest_route=\/wp\/v2\/media\/5841"}],"wp:attachment":[{"href":"https:\/\/www.tc26-bijoux.com\/index.php?rest_route=%2Fwp%2Fv2%2Fmedia&parent=27984"}],"wp:term":[{"taxonomy":"product_brand","embeddable":true,"href":"https:\/\/www.tc26-bijoux.com\/index.php?rest_route=%2Fwp%2Fv2%2Fproduct_brand&post=27984"},{"taxonomy":"product_cat","embeddable":true,"href":"https:\/\/www.tc26-bijoux.com\/index.php?rest_route=%2Fwp%2Fv2%2Fproduct_cat&post=27984"},{"taxonomy":"product_tag","embeddable":true,"href":"https:\/\/www.tc26-bijoux.com\/index.php?rest_route=%2Fwp%2Fv2%2Fproduct_tag&post=27984"}],"curies":[{"name":"wp","href":"https:\/\/api.w.org\/{rel}","templated":true}]}}