{"id":28129,"date":"2025-03-11T17:39:57","date_gmt":"2025-03-11T16:39:57","guid":{"rendered":"https:\/\/www.tc26-bijoux.com\/?post_type=product&#038;p=28129"},"modified":"2025-03-21T13:21:59","modified_gmt":"2025-03-21T12:21:59","slug":"solitaire-diamants-et-or-18-carats-abiramy","status":"publish","type":"product","link":"https:\/\/www.tc26-bijoux.com\/?product=solitaire-diamants-et-or-18-carats-abiramy","title":{"rendered":"Solitaire Diamants et Or 18 Carats Abiramy"},"content":{"rendered":"<p>Le solitaire Abiramy est une bague en or 18 carats avec un diamant central d&rsquo;un caratage de 0,30 carats. Le diamant est de couleur blanche, ce qui lui conf\u00e8re une belle brillance. Le caratage total de la bague est de 0,55 carats, ce qui inclut \u00e9galement les diamants d&rsquo;accompagnement sur le bandeau de la bague. Cette bague solitaire est un choix classique et intemporel, parfait pour symboliser l&rsquo;amour et l&rsquo;engagement. Son design \u00e9pur\u00e9 met en valeur la beaut\u00e9 du diamant central et en fait une pi\u00e8ce \u00e9l\u00e9gante \u00e0 porter au quotidien ou pour les occasions sp\u00e9ciales.<\/p>\n","protected":false},"excerpt":{"rendered":"<p>Mati\u00e8re : Or 18 Carats<\/p>\n<p>Couleur m\u00e9tal : Blanc\u00a0<\/p>\n<p>Nature de\u00a0la \u00a0Pierres : Diamants\u00a0<\/p>\n<p>Caratage de la Pierre Centrale\u00a0\u00a0\u00a0:\u00a00.30\u00a0Carats<\/p>\n<p>Caratage Total : 0.55 Carats\u00a0<\/p>\n<p>Largeur de la bande : 3.8\u00a0 mm<\/p>\n<p>Puret\u00e9 \u00a0Diamants : GVS\u00a0<\/p>\n<p>R\u00e9f\u00e9rence : XYR9207<\/p>\n","protected":false},"featured_media":5897,"template":"","meta":{"_seopress_robots_primary_cat":"","_seopress_titles_title":"","_seopress_titles_desc":"","_seopress_robots_index":"","_seopress_analysis_target_kw":"","iawp_total_views":6},"product_brand":[],"product_cat":[86],"product_tag":[],"class_list":{"0":"post-28129","1":"product","2":"type-product","3":"status-publish","4":"has-post-thumbnail","6":"product_cat-solitaire-diamants","8":"first","9":"instock","10":"shipping-taxable","11":"purchasable","12":"product-type-variable"},"_links":{"self":[{"href":"https:\/\/www.tc26-bijoux.com\/index.php?rest_route=\/wp\/v2\/product\/28129","targetHints":{"allow":["GET"]}}],"collection":[{"href":"https:\/\/www.tc26-bijoux.com\/index.php?rest_route=\/wp\/v2\/product"}],"about":[{"href":"https:\/\/www.tc26-bijoux.com\/index.php?rest_route=\/wp\/v2\/types\/product"}],"wp:featuredmedia":[{"embeddable":true,"href":"https:\/\/www.tc26-bijoux.com\/index.php?rest_route=\/wp\/v2\/media\/5897"}],"wp:attachment":[{"href":"https:\/\/www.tc26-bijoux.com\/index.php?rest_route=%2Fwp%2Fv2%2Fmedia&parent=28129"}],"wp:term":[{"taxonomy":"product_brand","embeddable":true,"href":"https:\/\/www.tc26-bijoux.com\/index.php?rest_route=%2Fwp%2Fv2%2Fproduct_brand&post=28129"},{"taxonomy":"product_cat","embeddable":true,"href":"https:\/\/www.tc26-bijoux.com\/index.php?rest_route=%2Fwp%2Fv2%2Fproduct_cat&post=28129"},{"taxonomy":"product_tag","embeddable":true,"href":"https:\/\/www.tc26-bijoux.com\/index.php?rest_route=%2Fwp%2Fv2%2Fproduct_tag&post=28129"}],"curies":[{"name":"wp","href":"https:\/\/api.w.org\/{rel}","templated":true}]}}