{"id":28166,"date":"2025-03-11T17:40:04","date_gmt":"2025-03-11T16:40:04","guid":{"rendered":"https:\/\/www.tc26-bijoux.com\/?post_type=product&#038;p=28166"},"modified":"2025-03-21T13:22:01","modified_gmt":"2025-03-21T12:22:01","slug":"solitaire-diamants-amilia","status":"publish","type":"product","link":"https:\/\/www.tc26-bijoux.com\/?product=solitaire-diamants-amilia","title":{"rendered":"Solitaire Diamants Amilia"},"content":{"rendered":"<p>La bague de fian\u00e7ailles Amilia en or 18 carats est un bijou \u00e9l\u00e9gant et raffin\u00e9. Fabriqu\u00e9e en or blanc, elle offre une allure moderne et intemporelle. Les diamants qui ornent cette bague sont de couleur G, ce qui leur conf\u00e8re une belle brillance et une harmonie. Leur puret\u00e9 est class\u00e9e VS, garantissant une clart\u00e9 et une transparence exceptionnelles. Le poids total des diamants est de 0,80 carats, ajoutant une touche de luxe et d&rsquo;\u00e9clat \u00e0 cette bague. Les dimensions de la bague sont de 10,8&#215;14,1 mm, ce qui en fait un bijou de taille moyenne avec une pr\u00e9sence subtile mais distinctive. La bague Amilia est le choix parfait pour compl\u00e9ter votre style avec une touche de sophistication et de glamour.<\/p>\n","protected":false},"excerpt":{"rendered":"<p>La bague de fian\u00e7ailles Amilia en or 18 carats est un bijou \u00e9l\u00e9gant et raffin\u00e9. Fabriqu\u00e9e en or blanc, elle offre une allure moderne et intemporelle.<span class=\"excerpt-hellip\"> [\u2026]<\/span><\/p>\n","protected":false},"featured_media":6662,"template":"","meta":{"_seopress_robots_primary_cat":"","_seopress_titles_title":"","_seopress_titles_desc":"","_seopress_robots_index":"","_seopress_analysis_target_kw":"","iawp_total_views":14},"product_brand":[],"product_cat":[86],"product_tag":[],"class_list":{"0":"post-28166","1":"product","2":"type-product","3":"status-publish","4":"has-post-thumbnail","6":"product_cat-solitaire-diamants","8":"first","9":"instock","10":"shipping-taxable","11":"purchasable","12":"product-type-variable"},"_links":{"self":[{"href":"https:\/\/www.tc26-bijoux.com\/index.php?rest_route=\/wp\/v2\/product\/28166","targetHints":{"allow":["GET"]}}],"collection":[{"href":"https:\/\/www.tc26-bijoux.com\/index.php?rest_route=\/wp\/v2\/product"}],"about":[{"href":"https:\/\/www.tc26-bijoux.com\/index.php?rest_route=\/wp\/v2\/types\/product"}],"wp:featuredmedia":[{"embeddable":true,"href":"https:\/\/www.tc26-bijoux.com\/index.php?rest_route=\/wp\/v2\/media\/6662"}],"wp:attachment":[{"href":"https:\/\/www.tc26-bijoux.com\/index.php?rest_route=%2Fwp%2Fv2%2Fmedia&parent=28166"}],"wp:term":[{"taxonomy":"product_brand","embeddable":true,"href":"https:\/\/www.tc26-bijoux.com\/index.php?rest_route=%2Fwp%2Fv2%2Fproduct_brand&post=28166"},{"taxonomy":"product_cat","embeddable":true,"href":"https:\/\/www.tc26-bijoux.com\/index.php?rest_route=%2Fwp%2Fv2%2Fproduct_cat&post=28166"},{"taxonomy":"product_tag","embeddable":true,"href":"https:\/\/www.tc26-bijoux.com\/index.php?rest_route=%2Fwp%2Fv2%2Fproduct_tag&post=28166"}],"curies":[{"name":"wp","href":"https:\/\/api.w.org\/{rel}","templated":true}]}}