{"id":28457,"date":"2025-03-11T17:41:03","date_gmt":"2025-03-11T16:41:03","guid":{"rendered":"https:\/\/www.tc26-bijoux.com\/?post_type=product&#038;p=28457"},"modified":"2025-03-21T13:22:30","modified_gmt":"2025-03-21T12:22:30","slug":"solitaire-diamants-flore","status":"publish","type":"product","link":"https:\/\/www.tc26-bijoux.com\/?product=solitaire-diamants-flore","title":{"rendered":"Solitaire Diamants Flore"},"content":{"rendered":"<p>La bague de fian\u00e7ailles Flore est un solitaire en or 18 carats, mettant en valeur un magnifique diamant central. Son design minimaliste et intemporel met l&rsquo;accent sur la beaut\u00e9 et la puret\u00e9 du diamant. La couleur des diamants est class\u00e9e G et leur puret\u00e9 est de cat\u00e9gorie VS, assurant ainsi une brillance exceptionnelle. La bague Flore est un choix parfait pour symboliser l&rsquo;amour et l&rsquo;\u00e9l\u00e9gance, et elle sera certainement appr\u00e9ci\u00e9e en tant que pi\u00e8ce ma\u00eetresse \u00e9blouissante au doigt de celle qui la porte.<\/p>\n","protected":false},"excerpt":{"rendered":"<p>Mati\u00e8re : Or\u00a018 Carats<\/p>\n<p>Couleur m\u00e9tal : Blanc\u00a0<\/p>\n<p>Nature des\u00a0Pierres : Diamants\u00a0<\/p>\n<p>Couleur des\u00a0Diamants : G<\/p>\n<p>Puret\u00e9 des\u00a0Diamants : VS<\/p>\n<p>Poid Total des diamants\u00a0\u00a0: 0.85\u00a0Carats<\/p>\n<p>Dimension :\u00a010.5 mm<\/p>\n<p>R\u00e9f\u00e9rence : DNR0992<\/p>\n","protected":false},"featured_media":6199,"template":"","meta":{"_seopress_robots_primary_cat":"","_seopress_titles_title":"","_seopress_titles_desc":"","_seopress_robots_index":"","_seopress_analysis_target_kw":"","iawp_total_views":1},"product_brand":[],"product_cat":[86],"product_tag":[],"class_list":{"0":"post-28457","1":"product","2":"type-product","3":"status-publish","4":"has-post-thumbnail","6":"product_cat-solitaire-diamants","8":"first","9":"instock","10":"shipping-taxable","11":"purchasable","12":"product-type-variable"},"_links":{"self":[{"href":"https:\/\/www.tc26-bijoux.com\/index.php?rest_route=\/wp\/v2\/product\/28457","targetHints":{"allow":["GET"]}}],"collection":[{"href":"https:\/\/www.tc26-bijoux.com\/index.php?rest_route=\/wp\/v2\/product"}],"about":[{"href":"https:\/\/www.tc26-bijoux.com\/index.php?rest_route=\/wp\/v2\/types\/product"}],"wp:featuredmedia":[{"embeddable":true,"href":"https:\/\/www.tc26-bijoux.com\/index.php?rest_route=\/wp\/v2\/media\/6199"}],"wp:attachment":[{"href":"https:\/\/www.tc26-bijoux.com\/index.php?rest_route=%2Fwp%2Fv2%2Fmedia&parent=28457"}],"wp:term":[{"taxonomy":"product_brand","embeddable":true,"href":"https:\/\/www.tc26-bijoux.com\/index.php?rest_route=%2Fwp%2Fv2%2Fproduct_brand&post=28457"},{"taxonomy":"product_cat","embeddable":true,"href":"https:\/\/www.tc26-bijoux.com\/index.php?rest_route=%2Fwp%2Fv2%2Fproduct_cat&post=28457"},{"taxonomy":"product_tag","embeddable":true,"href":"https:\/\/www.tc26-bijoux.com\/index.php?rest_route=%2Fwp%2Fv2%2Fproduct_tag&post=28457"}],"curies":[{"name":"wp","href":"https:\/\/api.w.org\/{rel}","templated":true}]}}