{"id":28494,"date":"2025-03-11T17:41:13","date_gmt":"2025-03-11T16:41:13","guid":{"rendered":"https:\/\/www.tc26-bijoux.com\/?post_type=product&#038;p=28494"},"modified":"2025-03-21T13:22:33","modified_gmt":"2025-03-21T12:22:33","slug":"solitaire-diamants-et-or-18-carats-kalya","status":"publish","type":"product","link":"https:\/\/www.tc26-bijoux.com\/?product=solitaire-diamants-et-or-18-carats-kalya","title":{"rendered":"Solitaire Diamants et Or 18 Carats Kalya"},"content":{"rendered":"<p>Le solitaire Kalya est un magnifique anneau en or 18 carats, arborant un diamant central. La pierre centrale a un caratage de 0,25 carat, tandis que le caratage total du solitaire est de 0,65 carat. La nature de la pierre est exclusivement des diamants, connus pour leur brillance et leur \u00e9clat. La largeur de la bande est de 4,1 mm, ajoutant une touche de sophistication \u00e0 cette bague \u00e9l\u00e9gante. Le solitaire Kalya est un choix classique et intemporel pour c\u00e9l\u00e9brer des moments sp\u00e9ciaux ou pour offrir en symbole d&rsquo;amour et d&rsquo;engagement.<\/p>\n","protected":false},"excerpt":{"rendered":"<p>Mati\u00e8re : Or 18 Carats<\/p>\n<p>Couleur m\u00e9tal : Blanc\u00a0<\/p>\n<p>Nature de\u00a0la \u00a0Pierres : Diamants\u00a0<\/p>\n<p>Caratage de la Pierre Centrale\u00a0\u00a0\u00a0:\u00a00.25 \u00a0Carats<\/p>\n<p>Caratage Total : 0.65\u00a0Carats\u00a0<\/p>\n<p>Largeur de la bande : 4.1\u00a0mm<\/p>\n<p>Puret\u00e9 \u00a0Diamants : GVS\u00a0<\/p>\n<p>R\u00e9f\u00e9rence : BJR0350<\/p>\n","protected":false},"featured_media":938,"template":"","meta":{"_seopress_robots_primary_cat":"","_seopress_titles_title":"","_seopress_titles_desc":"","_seopress_robots_index":"","_seopress_analysis_target_kw":"","iawp_total_views":3},"product_brand":[],"product_cat":[86],"product_tag":[],"class_list":{"0":"post-28494","1":"product","2":"type-product","3":"status-publish","4":"has-post-thumbnail","6":"product_cat-solitaire-diamants","8":"first","9":"instock","10":"shipping-taxable","11":"purchasable","12":"product-type-variable"},"_links":{"self":[{"href":"https:\/\/www.tc26-bijoux.com\/index.php?rest_route=\/wp\/v2\/product\/28494","targetHints":{"allow":["GET"]}}],"collection":[{"href":"https:\/\/www.tc26-bijoux.com\/index.php?rest_route=\/wp\/v2\/product"}],"about":[{"href":"https:\/\/www.tc26-bijoux.com\/index.php?rest_route=\/wp\/v2\/types\/product"}],"wp:featuredmedia":[{"embeddable":true,"href":"https:\/\/www.tc26-bijoux.com\/index.php?rest_route=\/wp\/v2\/media\/938"}],"wp:attachment":[{"href":"https:\/\/www.tc26-bijoux.com\/index.php?rest_route=%2Fwp%2Fv2%2Fmedia&parent=28494"}],"wp:term":[{"taxonomy":"product_brand","embeddable":true,"href":"https:\/\/www.tc26-bijoux.com\/index.php?rest_route=%2Fwp%2Fv2%2Fproduct_brand&post=28494"},{"taxonomy":"product_cat","embeddable":true,"href":"https:\/\/www.tc26-bijoux.com\/index.php?rest_route=%2Fwp%2Fv2%2Fproduct_cat&post=28494"},{"taxonomy":"product_tag","embeddable":true,"href":"https:\/\/www.tc26-bijoux.com\/index.php?rest_route=%2Fwp%2Fv2%2Fproduct_tag&post=28494"}],"curies":[{"name":"wp","href":"https:\/\/api.w.org\/{rel}","templated":true}]}}