{"id":28531,"date":"2025-03-11T17:41:21","date_gmt":"2025-03-11T16:41:21","guid":{"rendered":"https:\/\/www.tc26-bijoux.com\/?post_type=product&#038;p=28531"},"modified":"2025-03-21T13:22:42","modified_gmt":"2025-03-21T12:22:42","slug":"solitaire-diamants-amour","status":"publish","type":"product","link":"https:\/\/www.tc26-bijoux.com\/?product=solitaire-diamants-amour","title":{"rendered":"Solitaire Diamants Amour"},"content":{"rendered":"<p>Le solitaire Amour est r\u00e9alis\u00e9 en or 18 carats, un choix de mat\u00e9riau prestigieux et durable. L&rsquo; or de couleur blanc conf\u00e8re une esth\u00e9tique moderne et \u00e9l\u00e9gante \u00e0 cette bague.Cette bague met en valeur des diamants scintillants, symboles de beaut\u00e9 et de sophistication.Le caratage de la pierre centrale varie entre 0.23 et 0.55 carats, offrant diff\u00e9rentes options pour choisir celle qui correspond le mieux \u00e0 vos pr\u00e9f\u00e9rences.Le caratage total de la bague est de 0.50 \u00e0 0.90 carats, et les diamants affichent une puret\u00e9 de GVS, assurant une qualit\u00e9 et une clart\u00e9 exceptionnelles. Avec une largeur de bande de 1.6 mm, le solitaire Amour est une d\u00e9claration d&rsquo;amour et d&rsquo;\u00e9l\u00e9gance.<\/p>\n","protected":false},"excerpt":{"rendered":"<p>Le solitaire Amour est r\u00e9alis\u00e9 en or 18 carats, un choix de mat\u00e9riau prestigieux et durable. L&rsquo; or de couleur blanc conf\u00e8re une esth\u00e9tique moderne et<span class=\"excerpt-hellip\"> [\u2026]<\/span><\/p>\n","protected":false},"featured_media":5874,"template":"","meta":{"_seopress_robots_primary_cat":"","_seopress_titles_title":"","_seopress_titles_desc":"","_seopress_robots_index":"","_seopress_analysis_target_kw":"","iawp_total_views":2},"product_brand":[],"product_cat":[86],"product_tag":[],"class_list":{"0":"post-28531","1":"product","2":"type-product","3":"status-publish","4":"has-post-thumbnail","6":"product_cat-solitaire-diamants","8":"first","9":"instock","10":"shipping-taxable","11":"purchasable","12":"product-type-variable"},"_links":{"self":[{"href":"https:\/\/www.tc26-bijoux.com\/index.php?rest_route=\/wp\/v2\/product\/28531","targetHints":{"allow":["GET"]}}],"collection":[{"href":"https:\/\/www.tc26-bijoux.com\/index.php?rest_route=\/wp\/v2\/product"}],"about":[{"href":"https:\/\/www.tc26-bijoux.com\/index.php?rest_route=\/wp\/v2\/types\/product"}],"wp:featuredmedia":[{"embeddable":true,"href":"https:\/\/www.tc26-bijoux.com\/index.php?rest_route=\/wp\/v2\/media\/5874"}],"wp:attachment":[{"href":"https:\/\/www.tc26-bijoux.com\/index.php?rest_route=%2Fwp%2Fv2%2Fmedia&parent=28531"}],"wp:term":[{"taxonomy":"product_brand","embeddable":true,"href":"https:\/\/www.tc26-bijoux.com\/index.php?rest_route=%2Fwp%2Fv2%2Fproduct_brand&post=28531"},{"taxonomy":"product_cat","embeddable":true,"href":"https:\/\/www.tc26-bijoux.com\/index.php?rest_route=%2Fwp%2Fv2%2Fproduct_cat&post=28531"},{"taxonomy":"product_tag","embeddable":true,"href":"https:\/\/www.tc26-bijoux.com\/index.php?rest_route=%2Fwp%2Fv2%2Fproduct_tag&post=28531"}],"curies":[{"name":"wp","href":"https:\/\/api.w.org\/{rel}","templated":true}]}}