{"id":28604,"date":"2025-03-11T17:41:34","date_gmt":"2025-03-11T16:41:34","guid":{"rendered":"https:\/\/www.tc26-bijoux.com\/?post_type=product&#038;p=28604"},"modified":"2025-03-21T13:22:50","modified_gmt":"2025-03-21T12:22:50","slug":"solitaire-or-18-carats-et-diamants-fortune","status":"publish","type":"product","link":"https:\/\/www.tc26-bijoux.com\/?product=solitaire-or-18-carats-et-diamants-fortune","title":{"rendered":"Solitaire Or 18 Carats et Diamants Fortune"},"content":{"rendered":"<p>Le solitaire Fortune en or 18 carats est une bague exceptionnelle, mettant en valeur un magnifique diamant de couleur G et de puret\u00e9 VS. Vous avez le choix entre trois poids de diamants : 0,70 carats, 0,75 carats ou 0,90 carats, chacun ajoutant une brillance et une beaut\u00e9 distinctes. La bague est orn\u00e9e d&rsquo;une seule pierre de diamant, symbolisant l&rsquo;amour et l&rsquo;engagement. Avec une largeur de bande de 2,0 mm, cette bague offre \u00e0 la fois une \u00e9l\u00e9gance subtile et une structure solide. Un bijou pr\u00e9cieux qui fera sensation et marquera les moments sp\u00e9ciaux de la vie.<\/p>\n","protected":false},"excerpt":{"rendered":"<p>Mati\u00e8re\u00a0: Or\u00a018 Carats<\/p>\n<p>Couleur m\u00e9tal\u00a0: Blanc\u00a0<\/p>\n<p>Nature des\u00a0Pierres\u00a0: Diamants\u00a0<\/p>\n<p>Couleur : G<\/p>\n<p>Puret\u00e9 Diamants\u00a0\u00a0: VS<\/p>\n<p>Poids total\u00a0\u00a0\u00a0: \u00a00.70\u00a0\/ 0.75\u00a0\/ 0.90\u00a0Carats<\/p>\n<p>Nombre de Pierres\u00a0\u00a0: 1\u00a0Diamants\u00a0\u00a0<\/p>\n<p>Largeur de la bande\u00a0: 2.0\u00a0 \u00a0mm<\/p>\n<p>R\u00e9f\u00e9rence\u00a0:BJR0311\u00a0\/ BJR0310\u00a0\/ BJR0309<\/p>\n","protected":false},"featured_media":11278,"template":"","meta":{"_seopress_robots_primary_cat":"","_seopress_titles_title":"","_seopress_titles_desc":"","_seopress_robots_index":"","_seopress_analysis_target_kw":"","iawp_total_views":0},"product_brand":[],"product_cat":[86],"product_tag":[],"class_list":{"0":"post-28604","1":"product","2":"type-product","3":"status-publish","4":"has-post-thumbnail","6":"product_cat-solitaire-diamants","8":"first","9":"instock","10":"shipping-taxable","11":"purchasable","12":"product-type-variable"},"_links":{"self":[{"href":"https:\/\/www.tc26-bijoux.com\/index.php?rest_route=\/wp\/v2\/product\/28604","targetHints":{"allow":["GET"]}}],"collection":[{"href":"https:\/\/www.tc26-bijoux.com\/index.php?rest_route=\/wp\/v2\/product"}],"about":[{"href":"https:\/\/www.tc26-bijoux.com\/index.php?rest_route=\/wp\/v2\/types\/product"}],"wp:featuredmedia":[{"embeddable":true,"href":"https:\/\/www.tc26-bijoux.com\/index.php?rest_route=\/wp\/v2\/media\/11278"}],"wp:attachment":[{"href":"https:\/\/www.tc26-bijoux.com\/index.php?rest_route=%2Fwp%2Fv2%2Fmedia&parent=28604"}],"wp:term":[{"taxonomy":"product_brand","embeddable":true,"href":"https:\/\/www.tc26-bijoux.com\/index.php?rest_route=%2Fwp%2Fv2%2Fproduct_brand&post=28604"},{"taxonomy":"product_cat","embeddable":true,"href":"https:\/\/www.tc26-bijoux.com\/index.php?rest_route=%2Fwp%2Fv2%2Fproduct_cat&post=28604"},{"taxonomy":"product_tag","embeddable":true,"href":"https:\/\/www.tc26-bijoux.com\/index.php?rest_route=%2Fwp%2Fv2%2Fproduct_tag&post=28604"}],"curies":[{"name":"wp","href":"https:\/\/api.w.org\/{rel}","templated":true}]}}