{"id":28713,"date":"2025-03-11T17:41:58","date_gmt":"2025-03-11T16:41:58","guid":{"rendered":"https:\/\/www.tc26-bijoux.com\/?post_type=product&#038;p=28713"},"modified":"2025-03-21T13:23:01","modified_gmt":"2025-03-21T12:23:01","slug":"solitaire-duo-or-18k-et-diamants-yaela","status":"publish","type":"product","link":"https:\/\/www.tc26-bijoux.com\/?product=solitaire-duo-or-18k-et-diamants-yaela","title":{"rendered":"Solitaire Duo Or 18K et Diamants Yaela"},"content":{"rendered":"<p>La bague de fian\u00e7ailles Duo Yaela en or 18 carats et diamants est un symbole d&rsquo;\u00e9l\u00e9gance et de sophistication. Avec un poids total de 0.60, 0.75 ou 0.85 carats, cette bague met en valeur deux magnifiques diamants. La largeur de la bande varie entre 2.1 et 2.3 mm, ajoutant une touche de finesse et d&rsquo;\u00e9quilibre \u00e0 la conception. Que ce soit comme bague de fian\u00e7ailles ou pour c\u00e9l\u00e9brer un moment sp\u00e9cial, la bague Duo Yaela est un choix intemporel et raffin\u00e9. Son design \u00e9l\u00e9gant et sa qualit\u00e9 exceptionnelle font de cette bague un v\u00e9ritable tr\u00e9sor \u00e0 ch\u00e9rir pour toujours. Laissez la bague Duo Yaela illuminer votre doigt avec son \u00e9clat \u00e9tincelant et sa beaut\u00e9 \u00e9ternelle.<\/p>\n","protected":false},"excerpt":{"rendered":"<p>Mati\u00e8re\u00a0: Or 18 Carats<\/p>\n<p>Couleur m\u00e9tal\u00a0: Blanc\u00a0<\/p>\n<p>Nature des\u00a0Pierres\u00a0: Diamants\u00a0<\/p>\n<p>Couleur : G<\/p>\n<p>Puret\u00e9 Diamants\u00a0\u00a0: VS<\/p>\n<p>Poids total\u00a0\u00a0\u00a0: \u00a00.60 \/\u00a0 0.75 \/ 0.85\u00a0\u00a0Carats<\/p>\n<p>Nombre de Pierres\u00a0\u00a0: 2\u00a0Diamants\u00a0\u00a0<\/p>\n<p>Largeur de la bande\u00a0: 2.1 \/ 2.1 \/ 2.3\u00a0\u00a0mm<\/p>\n<p>R\u00e9f\u00e9rence\u00a0: BJR0379 \/ XYR10487 \/ BJR0368<\/p>\n","protected":false},"featured_media":11302,"template":"","meta":{"_seopress_robots_primary_cat":"","_seopress_titles_title":"","_seopress_titles_desc":"","_seopress_robots_index":"","_seopress_analysis_target_kw":"","iawp_total_views":1},"product_brand":[],"product_cat":[86],"product_tag":[],"class_list":{"0":"post-28713","1":"product","2":"type-product","3":"status-publish","4":"has-post-thumbnail","6":"product_cat-solitaire-diamants","8":"first","9":"instock","10":"shipping-taxable","11":"purchasable","12":"product-type-variable"},"_links":{"self":[{"href":"https:\/\/www.tc26-bijoux.com\/index.php?rest_route=\/wp\/v2\/product\/28713","targetHints":{"allow":["GET"]}}],"collection":[{"href":"https:\/\/www.tc26-bijoux.com\/index.php?rest_route=\/wp\/v2\/product"}],"about":[{"href":"https:\/\/www.tc26-bijoux.com\/index.php?rest_route=\/wp\/v2\/types\/product"}],"wp:featuredmedia":[{"embeddable":true,"href":"https:\/\/www.tc26-bijoux.com\/index.php?rest_route=\/wp\/v2\/media\/11302"}],"wp:attachment":[{"href":"https:\/\/www.tc26-bijoux.com\/index.php?rest_route=%2Fwp%2Fv2%2Fmedia&parent=28713"}],"wp:term":[{"taxonomy":"product_brand","embeddable":true,"href":"https:\/\/www.tc26-bijoux.com\/index.php?rest_route=%2Fwp%2Fv2%2Fproduct_brand&post=28713"},{"taxonomy":"product_cat","embeddable":true,"href":"https:\/\/www.tc26-bijoux.com\/index.php?rest_route=%2Fwp%2Fv2%2Fproduct_cat&post=28713"},{"taxonomy":"product_tag","embeddable":true,"href":"https:\/\/www.tc26-bijoux.com\/index.php?rest_route=%2Fwp%2Fv2%2Fproduct_tag&post=28713"}],"curies":[{"name":"wp","href":"https:\/\/api.w.org\/{rel}","templated":true}]}}