{"id":28822,"date":"2025-03-11T17:42:28","date_gmt":"2025-03-11T16:42:28","guid":{"rendered":"https:\/\/www.tc26-bijoux.com\/?post_type=product&#038;p=28822"},"modified":"2025-03-21T13:23:04","modified_gmt":"2025-03-21T12:23:04","slug":"kiana-solitaire-or-blanc-diamants","status":"publish","type":"product","link":"https:\/\/www.tc26-bijoux.com\/?product=kiana-solitaire-or-blanc-diamants","title":{"rendered":"Kiana Solitaire Or Blanc, Diamants"},"content":{"rendered":"<p>Le solitaire Kiana en or 18 carats est une bague raffin\u00e9e et \u00e9l\u00e9gante. Son or de couleur blanc met en valeur les diamants brillants qui l&rsquo;ornent. Les diamants de couleur G et de puret\u00e9 VS totalisent un poids de 0.90 carats, ajoutant une brillance \u00e9tincelante \u00e0 cette pi\u00e8ce. Le solitaire Kiana est le choix parfait pour ceux qui appr\u00e9cient la simplicit\u00e9 et l&rsquo;\u00e9clat intemporels d&rsquo;une bague solitaire en diamant.<\/p>\n","protected":false},"excerpt":{"rendered":"<p>Mati\u00e8re : Or\u00a018 Carats<\/p>\n<p>Couleur m\u00e9tal : Blanc\u00a0<\/p>\n<p>Nature des\u00a0Pierres : Diamants\u00a0<\/p>\n<p>Couleur des\u00a0Diamants : G<\/p>\n<p>Puret\u00e9 des\u00a0Diamants : VS<\/p>\n<p>Poid Total des diamants\u00a0\u00a0: 0.90\u00a0Carats<\/p>\n<p>Dimension :\u00a011.5&#215;12.5\u00a0mm<\/p>\n<p>R\u00e9f\u00e9rence : SL7415<\/p>\n","protected":false},"featured_media":5654,"template":"","meta":{"_seopress_robots_primary_cat":"","_seopress_titles_title":"","_seopress_titles_desc":"","_seopress_robots_index":"","_seopress_analysis_target_kw":"","iawp_total_views":1},"product_brand":[],"product_cat":[86],"product_tag":[],"class_list":{"0":"post-28822","1":"product","2":"type-product","3":"status-publish","4":"has-post-thumbnail","6":"product_cat-solitaire-diamants","8":"first","9":"instock","10":"shipping-taxable","11":"purchasable","12":"product-type-variable"},"_links":{"self":[{"href":"https:\/\/www.tc26-bijoux.com\/index.php?rest_route=\/wp\/v2\/product\/28822","targetHints":{"allow":["GET"]}}],"collection":[{"href":"https:\/\/www.tc26-bijoux.com\/index.php?rest_route=\/wp\/v2\/product"}],"about":[{"href":"https:\/\/www.tc26-bijoux.com\/index.php?rest_route=\/wp\/v2\/types\/product"}],"wp:featuredmedia":[{"embeddable":true,"href":"https:\/\/www.tc26-bijoux.com\/index.php?rest_route=\/wp\/v2\/media\/5654"}],"wp:attachment":[{"href":"https:\/\/www.tc26-bijoux.com\/index.php?rest_route=%2Fwp%2Fv2%2Fmedia&parent=28822"}],"wp:term":[{"taxonomy":"product_brand","embeddable":true,"href":"https:\/\/www.tc26-bijoux.com\/index.php?rest_route=%2Fwp%2Fv2%2Fproduct_brand&post=28822"},{"taxonomy":"product_cat","embeddable":true,"href":"https:\/\/www.tc26-bijoux.com\/index.php?rest_route=%2Fwp%2Fv2%2Fproduct_cat&post=28822"},{"taxonomy":"product_tag","embeddable":true,"href":"https:\/\/www.tc26-bijoux.com\/index.php?rest_route=%2Fwp%2Fv2%2Fproduct_tag&post=28822"}],"curies":[{"name":"wp","href":"https:\/\/api.w.org\/{rel}","templated":true}]}}