{"id":28933,"date":"2025-03-11T17:42:48","date_gmt":"2025-03-11T16:42:48","guid":{"rendered":"https:\/\/www.tc26-bijoux.com\/?post_type=product&#038;p=28933"},"modified":"2025-03-21T13:23:24","modified_gmt":"2025-03-21T12:23:24","slug":"solitaire-diamants-et-or-18-carats-ove","status":"publish","type":"product","link":"https:\/\/www.tc26-bijoux.com\/?product=solitaire-diamants-et-or-18-carats-ove","title":{"rendered":"Solitaire Diamants et Or 18 Carats Ove"},"content":{"rendered":"<p>Notre superbe solitaire en diamants et or 18 carats Ove, disponible en versions Blanc et Jaune. Ce bijou met en valeur la beaut\u00e9 intemporelle des diamants. Disponible avec un poids total de pierres de 0,60 carats, 0,75 carats ou 1,20 carats, ce solitaire est l&rsquo;incarnation du luxe subtil. La bande d\u00e9licate mesure 2,0 mm, soulignant avec \u00e9l\u00e9gance la brillance \u00e9clatante des diamants. Laissez ce solitaire captivant vous s\u00e9duire par son allure discr\u00e8te et son raffinement ind\u00e9niable.<\/p>\n","protected":false},"excerpt":{"rendered":"<p>Mati\u00e8re\u00a0: Or\u00a018 Carats<\/p>\n<p>Couleur m\u00e9tal\u00a0: Blanc \/ Jaune<\/p>\n<p>Nature de\u00a0la \u00a0Pierres\u00a0: Diamants\u00a0<\/p>\n<p>Poid total des Pierres\u00a0\u00a0: 0.60 \/ 0.75 \/ 1.20 Carats<\/p>\n<p>Nombre de Pierres\u00a0\u00a0: 3\u00a0Diamants\u00a0\u00a0<\/p>\n<p>Largeur de la bande\u00a0: 2.0 \/ 2.0 \/ 2.1\u00a0 mm<\/p>\n<p>Puret\u00e9 \u00a0Diamants\u00a0: GVS\u00a0<\/p>\n<p>R\u00e9f\u00e9rence\u00a0: XYR11824 \/ XYR11825 \/ BJR0190<\/p>\n","protected":false},"featured_media":5951,"template":"","meta":{"_seopress_robots_primary_cat":"","_seopress_titles_title":"","_seopress_titles_desc":"","_seopress_robots_index":"","_seopress_analysis_target_kw":"","iawp_total_views":2},"product_brand":[],"product_cat":[86],"product_tag":[],"class_list":{"0":"post-28933","1":"product","2":"type-product","3":"status-publish","4":"has-post-thumbnail","6":"product_cat-solitaire-diamants","8":"first","9":"instock","10":"shipping-taxable","11":"purchasable","12":"product-type-variable"},"_links":{"self":[{"href":"https:\/\/www.tc26-bijoux.com\/index.php?rest_route=\/wp\/v2\/product\/28933","targetHints":{"allow":["GET"]}}],"collection":[{"href":"https:\/\/www.tc26-bijoux.com\/index.php?rest_route=\/wp\/v2\/product"}],"about":[{"href":"https:\/\/www.tc26-bijoux.com\/index.php?rest_route=\/wp\/v2\/types\/product"}],"wp:featuredmedia":[{"embeddable":true,"href":"https:\/\/www.tc26-bijoux.com\/index.php?rest_route=\/wp\/v2\/media\/5951"}],"wp:attachment":[{"href":"https:\/\/www.tc26-bijoux.com\/index.php?rest_route=%2Fwp%2Fv2%2Fmedia&parent=28933"}],"wp:term":[{"taxonomy":"product_brand","embeddable":true,"href":"https:\/\/www.tc26-bijoux.com\/index.php?rest_route=%2Fwp%2Fv2%2Fproduct_brand&post=28933"},{"taxonomy":"product_cat","embeddable":true,"href":"https:\/\/www.tc26-bijoux.com\/index.php?rest_route=%2Fwp%2Fv2%2Fproduct_cat&post=28933"},{"taxonomy":"product_tag","embeddable":true,"href":"https:\/\/www.tc26-bijoux.com\/index.php?rest_route=%2Fwp%2Fv2%2Fproduct_tag&post=28933"}],"curies":[{"name":"wp","href":"https:\/\/api.w.org\/{rel}","templated":true}]}}