{"id":29521,"date":"2025-03-11T17:44:57","date_gmt":"2025-03-11T16:44:57","guid":{"rendered":"https:\/\/www.tc26-bijoux.com\/?post_type=product&#038;p=29521"},"modified":"2025-04-01T13:07:33","modified_gmt":"2025-04-01T11:07:33","slug":"solitaire-or-18-carats-et-diamants-etoile","status":"publish","type":"product","link":"https:\/\/www.tc26-bijoux.com\/?product=solitaire-or-18-carats-et-diamants-etoile","title":{"rendered":"Solitaire Or 18 Carats et Diamants Etoile"},"content":{"rendered":"<p>Le solitaire \u00ab\u00a0Etoile\u00a0\u00bb est une pi\u00e8ce magnifique en or 18 carats, mettant en valeur un diamant \u00e9blouissant. La couleur des diamants est class\u00e9e G, tandis que leur puret\u00e9 est \u00e9valu\u00e9e \u00e0 VS. Le poids total des diamants est de 0,90 carat, et la bague pr\u00e9sente une bande d&rsquo;une largeur \u00e9l\u00e9gante de 2,4 mm. Cette bague solitaire incarne la beaut\u00e9 intemporelle et l&rsquo;\u00e9clat des diamants, ajoutant une touche de sophistication \u00e0 votre style.<\/p>\n","protected":false},"excerpt":{"rendered":"<p>Mati\u00e8re\u00a0: Or 18 Carats<br \/>\nCouleur m\u00e9tal\u00a0: Blanc \/ Or<br \/>\nNature des\u00a0Pierres\u00a0: Diamants<br \/>\nCouleur : G<br \/>\nPuret\u00e9 Diamants\u00a0\u00a0: VS<br \/>\nPoids total\u00a0\u00a0\u00a0: \u00a00.90 Carats<br \/>\nNombre de Pierres\u00a0\u00a0: 1\u00a0Diamants<br \/>\nLargeur de la bande\u00a0: 2.4\u00a0 mm<br \/>\nR\u00e9f\u00e9rence\u00a0:XYR10748<\/p>\n","protected":false},"featured_media":11279,"template":"","meta":{"_seopress_robots_primary_cat":"none","_seopress_titles_title":"","_seopress_titles_desc":"","_seopress_robots_index":"","_seopress_analysis_target_kw":"","iawp_total_views":6},"product_brand":[],"product_cat":[86],"product_tag":[],"class_list":{"0":"post-29521","1":"product","2":"type-product","3":"status-publish","4":"has-post-thumbnail","6":"product_cat-solitaire-diamants","8":"first","9":"instock","10":"shipping-taxable","11":"purchasable","12":"product-type-variable"},"_links":{"self":[{"href":"https:\/\/www.tc26-bijoux.com\/index.php?rest_route=\/wp\/v2\/product\/29521","targetHints":{"allow":["GET"]}}],"collection":[{"href":"https:\/\/www.tc26-bijoux.com\/index.php?rest_route=\/wp\/v2\/product"}],"about":[{"href":"https:\/\/www.tc26-bijoux.com\/index.php?rest_route=\/wp\/v2\/types\/product"}],"wp:featuredmedia":[{"embeddable":true,"href":"https:\/\/www.tc26-bijoux.com\/index.php?rest_route=\/wp\/v2\/media\/11279"}],"wp:attachment":[{"href":"https:\/\/www.tc26-bijoux.com\/index.php?rest_route=%2Fwp%2Fv2%2Fmedia&parent=29521"}],"wp:term":[{"taxonomy":"product_brand","embeddable":true,"href":"https:\/\/www.tc26-bijoux.com\/index.php?rest_route=%2Fwp%2Fv2%2Fproduct_brand&post=29521"},{"taxonomy":"product_cat","embeddable":true,"href":"https:\/\/www.tc26-bijoux.com\/index.php?rest_route=%2Fwp%2Fv2%2Fproduct_cat&post=29521"},{"taxonomy":"product_tag","embeddable":true,"href":"https:\/\/www.tc26-bijoux.com\/index.php?rest_route=%2Fwp%2Fv2%2Fproduct_tag&post=29521"}],"curies":[{"name":"wp","href":"https:\/\/api.w.org\/{rel}","templated":true}]}}