{"id":29778,"date":"2025-03-11T17:45:54","date_gmt":"2025-03-11T16:45:54","guid":{"rendered":"https:\/\/www.tc26-bijoux.com\/?post_type=product&#038;p=29778"},"modified":"2025-04-11T12:52:46","modified_gmt":"2025-04-11T10:52:46","slug":"solitaire-baguettes-diamants-aria","status":"publish","type":"product","link":"https:\/\/www.tc26-bijoux.com\/?product=solitaire-baguettes-diamants-aria","title":{"rendered":"Solitaire Baguettes Diamants Aria"},"content":{"rendered":"<p>La bague de fian\u00e7ailles Aria en or 18 carats et diamants est un bijou d&rsquo;une grande beaut\u00e9 en or blanc. Elle est orn\u00e9e de diamants de couleur G et de puret\u00e9 VS, avec un poids total de 0,95 carats. Le diamant central a un poids de 0,20 carats, apportant une brillance remarquable. Avec ses dimensions de 11,3&#215;12,2 mm, cette bague Aria est un choix saisissant qui attire l&rsquo;attention et compl\u00e8te \u00e9l\u00e9gamment votre style.<\/p>\n","protected":false},"excerpt":{"rendered":"<p>Mati\u00e8re : Or\u00a018 Carats<\/p>\n<p>Couleur m\u00e9tal : Blanc\u00a0<\/p>\n<p>Nature des\u00a0Pierres : Diamants\u00a0<\/p>\n<p>Couleur des\u00a0Diamants : G<\/p>\n<p>Puret\u00e9 des\u00a0Diamants : VS<\/p>\n<p>Poid du diamant central : 0.20 Carats\u00a0<\/p>\n<p>Poid Total des diamants\u00a0\u00a0: 0.95\u00a0Carats<\/p>\n<p>Dimension :\u00a0 11.3&#215;12.2\u00a0mm<\/p>\n<p>R\u00e9f\u00e9rence : SL5150<\/p>\n","protected":false},"featured_media":6723,"template":"","meta":{"_seopress_robots_primary_cat":"","_seopress_titles_title":"","_seopress_titles_desc":"","_seopress_robots_index":"","_seopress_analysis_target_kw":"","iawp_total_views":9},"product_brand":[],"product_cat":[86],"product_tag":[],"class_list":{"0":"post-29778","1":"product","2":"type-product","3":"status-publish","4":"has-post-thumbnail","6":"product_cat-solitaire-diamants","8":"first","9":"instock","10":"featured","11":"shipping-taxable","12":"purchasable","13":"product-type-variable"},"_links":{"self":[{"href":"https:\/\/www.tc26-bijoux.com\/index.php?rest_route=\/wp\/v2\/product\/29778","targetHints":{"allow":["GET"]}}],"collection":[{"href":"https:\/\/www.tc26-bijoux.com\/index.php?rest_route=\/wp\/v2\/product"}],"about":[{"href":"https:\/\/www.tc26-bijoux.com\/index.php?rest_route=\/wp\/v2\/types\/product"}],"wp:featuredmedia":[{"embeddable":true,"href":"https:\/\/www.tc26-bijoux.com\/index.php?rest_route=\/wp\/v2\/media\/6723"}],"wp:attachment":[{"href":"https:\/\/www.tc26-bijoux.com\/index.php?rest_route=%2Fwp%2Fv2%2Fmedia&parent=29778"}],"wp:term":[{"taxonomy":"product_brand","embeddable":true,"href":"https:\/\/www.tc26-bijoux.com\/index.php?rest_route=%2Fwp%2Fv2%2Fproduct_brand&post=29778"},{"taxonomy":"product_cat","embeddable":true,"href":"https:\/\/www.tc26-bijoux.com\/index.php?rest_route=%2Fwp%2Fv2%2Fproduct_cat&post=29778"},{"taxonomy":"product_tag","embeddable":true,"href":"https:\/\/www.tc26-bijoux.com\/index.php?rest_route=%2Fwp%2Fv2%2Fproduct_tag&post=29778"}],"curies":[{"name":"wp","href":"https:\/\/api.w.org\/{rel}","templated":true}]}}