{"id":30183,"date":"2025-03-12T01:28:03","date_gmt":"2025-03-12T00:28:03","guid":{"rendered":"https:\/\/www.tc26-bijoux.com\/?post_type=product&#038;p=30183"},"modified":"2025-03-21T13:25:30","modified_gmt":"2025-03-21T12:25:30","slug":"bague-diamants-aigue-marine-or-18k-aenor","status":"publish","type":"product","link":"https:\/\/www.tc26-bijoux.com\/?product=bague-diamants-aigue-marine-or-18k-aenor","title":{"rendered":"Bague Diamants Aigue Marine Or 18K A\u00e9nor"},"content":{"rendered":"<p>La bague \u00ab\u00a0A\u00e9nor\u00a0\u00bb est un bijou d&rsquo;une beaut\u00e9 remarquable, con\u00e7u avec soin et pr\u00e9cision. Fabriqu\u00e9e en or 18 carats, cette bague affiche une couleur or blanche, ajoutant une touche de puret\u00e9 et d&rsquo;\u00e9l\u00e9gance \u00e0 son design.<\/p>\n","protected":false},"excerpt":{"rendered":"<p>La bague \u00ab\u00a0A\u00e9nor\u00a0\u00bb est un bijou d&rsquo;une beaut\u00e9 remarquable, con\u00e7u avec soin et pr\u00e9cision. Fabriqu\u00e9e en or 18 carats, cette bague affiche une couleur or blanche,<span class=\"excerpt-hellip\"> [\u2026]<\/span><\/p>\n","protected":false},"featured_media":7709,"template":"","meta":{"_seopress_robots_primary_cat":"","_seopress_titles_title":"","_seopress_titles_desc":"","_seopress_robots_index":"","_seopress_analysis_target_kw":"","iawp_total_views":7},"product_brand":[],"product_cat":[248],"product_tag":[],"class_list":{"0":"post-30183","1":"product","2":"type-product","3":"status-publish","4":"has-post-thumbnail","6":"product_cat-bagues-aigue-marine","8":"first","9":"instock","10":"shipping-taxable","11":"purchasable","12":"product-type-variable"},"_links":{"self":[{"href":"https:\/\/www.tc26-bijoux.com\/index.php?rest_route=\/wp\/v2\/product\/30183","targetHints":{"allow":["GET"]}}],"collection":[{"href":"https:\/\/www.tc26-bijoux.com\/index.php?rest_route=\/wp\/v2\/product"}],"about":[{"href":"https:\/\/www.tc26-bijoux.com\/index.php?rest_route=\/wp\/v2\/types\/product"}],"wp:featuredmedia":[{"embeddable":true,"href":"https:\/\/www.tc26-bijoux.com\/index.php?rest_route=\/wp\/v2\/media\/7709"}],"wp:attachment":[{"href":"https:\/\/www.tc26-bijoux.com\/index.php?rest_route=%2Fwp%2Fv2%2Fmedia&parent=30183"}],"wp:term":[{"taxonomy":"product_brand","embeddable":true,"href":"https:\/\/www.tc26-bijoux.com\/index.php?rest_route=%2Fwp%2Fv2%2Fproduct_brand&post=30183"},{"taxonomy":"product_cat","embeddable":true,"href":"https:\/\/www.tc26-bijoux.com\/index.php?rest_route=%2Fwp%2Fv2%2Fproduct_cat&post=30183"},{"taxonomy":"product_tag","embeddable":true,"href":"https:\/\/www.tc26-bijoux.com\/index.php?rest_route=%2Fwp%2Fv2%2Fproduct_tag&post=30183"}],"curies":[{"name":"wp","href":"https:\/\/api.w.org\/{rel}","templated":true}]}}