{"id":30328,"date":"2025-03-12T01:28:35","date_gmt":"2025-03-12T00:28:35","guid":{"rendered":"https:\/\/www.tc26-bijoux.com\/?post_type=product&#038;p=30328"},"modified":"2025-03-21T13:25:33","modified_gmt":"2025-03-21T12:25:33","slug":"alen-or-blanc-diamant-aigue-marine","status":"publish","type":"product","link":"https:\/\/www.tc26-bijoux.com\/?product=alen-or-blanc-diamant-aigue-marine","title":{"rendered":"Alen or blanc ,diamant aigu\u00eb marine"},"content":{"rendered":"<p>D\u00e9couvrez \u00ab\u00a0Alen\u00a0\u00bb, une bague d&rsquo;une \u00e9l\u00e9gance exceptionnelle en or 18 carats. Le blanc ajoute une touche de sophistication \u00e0 cette pi\u00e8ce magnifique. Les diamants de qualit\u00e9 G (couleur) et VS (puret\u00e9) d&rsquo;un poids total de 0,45 carats scintillent autour de la pierre principale.<\/p>\n","protected":false},"excerpt":{"rendered":"<p>Mati\u00e8re : Or\u00a018 Carats<\/p>\n<p>Couleur m\u00e9tal : Blanc\u00a0<\/p>\n<p>Nature des\u00a0Pierres : Diamants\u00a0<\/p>\n<p>Nature de la pierre principale : Aigue Marine<\/p>\n<p>Couleur des\u00a0Diamants : G<\/p>\n<p>Puret\u00e9 des\u00a0Diamants : VS<\/p>\n<p>Poid Total des diamants\u00a0\u00a0: 0.45\u00a0Carats<\/p>\n<p>Poid Total de la pierre principale :1.30\u00a0Carats<\/p>\n<p>Dimension : 6.7&#215;8.7\u00a0mm<\/p>\n<p>Largeur de la bande : 1.7\u00a0mm<\/p>\n<p>R\u00e9f\u00e9rence : SL7453<\/p>\n","protected":false},"featured_media":7617,"template":"","meta":{"_seopress_robots_primary_cat":"","_seopress_titles_title":"","_seopress_titles_desc":"","_seopress_robots_index":"","_seopress_analysis_target_kw":"","iawp_total_views":15},"product_brand":[],"product_cat":[248],"product_tag":[],"class_list":{"0":"post-30328","1":"product","2":"type-product","3":"status-publish","4":"has-post-thumbnail","6":"product_cat-bagues-aigue-marine","8":"first","9":"instock","10":"shipping-taxable","11":"purchasable","12":"product-type-variable"},"_links":{"self":[{"href":"https:\/\/www.tc26-bijoux.com\/index.php?rest_route=\/wp\/v2\/product\/30328","targetHints":{"allow":["GET"]}}],"collection":[{"href":"https:\/\/www.tc26-bijoux.com\/index.php?rest_route=\/wp\/v2\/product"}],"about":[{"href":"https:\/\/www.tc26-bijoux.com\/index.php?rest_route=\/wp\/v2\/types\/product"}],"wp:featuredmedia":[{"embeddable":true,"href":"https:\/\/www.tc26-bijoux.com\/index.php?rest_route=\/wp\/v2\/media\/7617"}],"wp:attachment":[{"href":"https:\/\/www.tc26-bijoux.com\/index.php?rest_route=%2Fwp%2Fv2%2Fmedia&parent=30328"}],"wp:term":[{"taxonomy":"product_brand","embeddable":true,"href":"https:\/\/www.tc26-bijoux.com\/index.php?rest_route=%2Fwp%2Fv2%2Fproduct_brand&post=30328"},{"taxonomy":"product_cat","embeddable":true,"href":"https:\/\/www.tc26-bijoux.com\/index.php?rest_route=%2Fwp%2Fv2%2Fproduct_cat&post=30328"},{"taxonomy":"product_tag","embeddable":true,"href":"https:\/\/www.tc26-bijoux.com\/index.php?rest_route=%2Fwp%2Fv2%2Fproduct_tag&post=30328"}],"curies":[{"name":"wp","href":"https:\/\/api.w.org\/{rel}","templated":true}]}}