{"id":30476,"date":"2025-03-12T01:29:03","date_gmt":"2025-03-12T00:29:03","guid":{"rendered":"https:\/\/www.tc26-bijoux.com\/?post_type=product&#038;p=30476"},"modified":"2025-03-21T13:25:58","modified_gmt":"2025-03-21T12:25:58","slug":"adriel-or-blancdiamant-aigue-marine","status":"publish","type":"product","link":"https:\/\/www.tc26-bijoux.com\/?product=adriel-or-blancdiamant-aigue-marine","title":{"rendered":"Adriel or blanc,diamant aigu\u00eb marine"},"content":{"rendered":"<p>La bague \u00ab\u00a0Adriel\u00a0\u00bb est un bijou d&rsquo;exception qui incarne l&rsquo;\u00e9l\u00e9gance et la sophistication. Fabriqu\u00e9e en or 18 carats, cette bague arbore une couleur Or blanche qui lui conf\u00e8re une aura de puret\u00e9 et de luxe.<\/p>\n","protected":false},"excerpt":{"rendered":"<p>Mati\u00e8re : Or\u00a018 Carats<\/p>\n<p>Couleur m\u00e9tal : Blanc\u00a0<\/p>\n<p>Nature des\u00a0Pierres : Diamants\u00a0<\/p>\n<p>Nature de la pierre principale : Aigue Marine<\/p>\n<p>Couleur des\u00a0Diamants : G<\/p>\n<p>Puret\u00e9 des\u00a0Diamants : VS<\/p>\n<p>Poid Total des diamants\u00a0\u00a0: 0.95\u00a0Carats<\/p>\n<p>Poid Total de la pierre principale : 6.40\u00a0Carats<\/p>\n<p>Dimension :\u00a014.4&#215;16.2\u00a0mm<\/p>\n<p>Largeur de la bande : 3.4\u00a0mm<\/p>\n<p>R\u00e9f\u00e9rence : SL7768<\/p>\n","protected":false},"featured_media":7401,"template":"","meta":{"_seopress_robots_primary_cat":"","_seopress_titles_title":"","_seopress_titles_desc":"","_seopress_robots_index":"","_seopress_analysis_target_kw":"","iawp_total_views":0},"product_brand":[],"product_cat":[248],"product_tag":[],"class_list":{"0":"post-30476","1":"product","2":"type-product","3":"status-publish","4":"has-post-thumbnail","6":"product_cat-bagues-aigue-marine","8":"first","9":"instock","10":"shipping-taxable","11":"purchasable","12":"product-type-variable"},"_links":{"self":[{"href":"https:\/\/www.tc26-bijoux.com\/index.php?rest_route=\/wp\/v2\/product\/30476","targetHints":{"allow":["GET"]}}],"collection":[{"href":"https:\/\/www.tc26-bijoux.com\/index.php?rest_route=\/wp\/v2\/product"}],"about":[{"href":"https:\/\/www.tc26-bijoux.com\/index.php?rest_route=\/wp\/v2\/types\/product"}],"wp:featuredmedia":[{"embeddable":true,"href":"https:\/\/www.tc26-bijoux.com\/index.php?rest_route=\/wp\/v2\/media\/7401"}],"wp:attachment":[{"href":"https:\/\/www.tc26-bijoux.com\/index.php?rest_route=%2Fwp%2Fv2%2Fmedia&parent=30476"}],"wp:term":[{"taxonomy":"product_brand","embeddable":true,"href":"https:\/\/www.tc26-bijoux.com\/index.php?rest_route=%2Fwp%2Fv2%2Fproduct_brand&post=30476"},{"taxonomy":"product_cat","embeddable":true,"href":"https:\/\/www.tc26-bijoux.com\/index.php?rest_route=%2Fwp%2Fv2%2Fproduct_cat&post=30476"},{"taxonomy":"product_tag","embeddable":true,"href":"https:\/\/www.tc26-bijoux.com\/index.php?rest_route=%2Fwp%2Fv2%2Fproduct_tag&post=30476"}],"curies":[{"name":"wp","href":"https:\/\/api.w.org\/{rel}","templated":true}]}}