{"id":30621,"date":"2025-03-12T01:29:30","date_gmt":"2025-03-12T00:29:30","guid":{"rendered":"https:\/\/www.tc26-bijoux.com\/?post_type=product&#038;p=30621"},"modified":"2025-03-21T13:26:13","modified_gmt":"2025-03-21T12:26:13","slug":"aelis-or-blancdiamant-aigue-marine","status":"publish","type":"product","link":"https:\/\/www.tc26-bijoux.com\/?product=aelis-or-blancdiamant-aigue-marine","title":{"rendered":"A\u00e9lis or blanc,diamant aigu\u00eb marine"},"content":{"rendered":"<p>La bague \u00ab\u00a0A\u00e9lis\u00a0\u00bb est un bijou d&rsquo;une beaut\u00e9 exceptionnelle qui \u00e9voque l&rsquo;\u00e9l\u00e9gance et le raffinement. Fabriqu\u00e9e en or 18 carats, cette bague pr\u00e9sente une couleur or blanche qui lui conf\u00e8re une allure sophistiqu\u00e9e.<\/p>\n","protected":false},"excerpt":{"rendered":"<p>Mati\u00e8re : Or 18 Carats<\/p>\n<p>Couleur m\u00e9tal : Blanc\u00a0<\/p>\n<p>Nature des\u00a0Pierres : Diamants\u00a0<\/p>\n<p>Nature de la pierre principale : Aigue Marine\u00a0<\/p>\n<p>Couleur des\u00a0Diamants : G<\/p>\n<p>Puret\u00e9 des\u00a0Diamants : VS<\/p>\n<p>Poid Total des diamants\u00a0\u00a0: 0.60\u00a0Carats<\/p>\n<p>Poid Total de la pierre principale : 6.39\u00a0Carats<\/p>\n<p>Dimension :\u00a014&#215;17\u00a0mm<\/p>\n<p>Largeur de la bande : 1.6\u00a0mm<\/p>\n<p>R\u00e9f\u00e9rence : SL7884<\/p>\n","protected":false},"featured_media":7432,"template":"","meta":{"_seopress_robots_primary_cat":"","_seopress_titles_title":"","_seopress_titles_desc":"","_seopress_robots_index":"","_seopress_analysis_target_kw":"","iawp_total_views":0},"product_brand":[],"product_cat":[248],"product_tag":[],"class_list":{"0":"post-30621","1":"product","2":"type-product","3":"status-publish","4":"has-post-thumbnail","6":"product_cat-bagues-aigue-marine","8":"first","9":"instock","10":"shipping-taxable","11":"purchasable","12":"product-type-variable"},"_links":{"self":[{"href":"https:\/\/www.tc26-bijoux.com\/index.php?rest_route=\/wp\/v2\/product\/30621","targetHints":{"allow":["GET"]}}],"collection":[{"href":"https:\/\/www.tc26-bijoux.com\/index.php?rest_route=\/wp\/v2\/product"}],"about":[{"href":"https:\/\/www.tc26-bijoux.com\/index.php?rest_route=\/wp\/v2\/types\/product"}],"wp:featuredmedia":[{"embeddable":true,"href":"https:\/\/www.tc26-bijoux.com\/index.php?rest_route=\/wp\/v2\/media\/7432"}],"wp:attachment":[{"href":"https:\/\/www.tc26-bijoux.com\/index.php?rest_route=%2Fwp%2Fv2%2Fmedia&parent=30621"}],"wp:term":[{"taxonomy":"product_brand","embeddable":true,"href":"https:\/\/www.tc26-bijoux.com\/index.php?rest_route=%2Fwp%2Fv2%2Fproduct_brand&post=30621"},{"taxonomy":"product_cat","embeddable":true,"href":"https:\/\/www.tc26-bijoux.com\/index.php?rest_route=%2Fwp%2Fv2%2Fproduct_cat&post=30621"},{"taxonomy":"product_tag","embeddable":true,"href":"https:\/\/www.tc26-bijoux.com\/index.php?rest_route=%2Fwp%2Fv2%2Fproduct_tag&post=30621"}],"curies":[{"name":"wp","href":"https:\/\/api.w.org\/{rel}","templated":true}]}}