{"id":31238,"date":"2025-03-12T01:32:09","date_gmt":"2025-03-12T00:32:09","guid":{"rendered":"https:\/\/www.tc26-bijoux.com\/?post_type=product&#038;p=31238"},"modified":"2025-03-21T13:27:10","modified_gmt":"2025-03-21T12:27:10","slug":"demie-alliance-diamants-et-or-18-carats-mailice-2","status":"publish","type":"product","link":"https:\/\/www.tc26-bijoux.com\/?product=demie-alliance-diamants-et-or-18-carats-mailice-2","title":{"rendered":"Demie-Alliance Diamants et Or 18 Carats Mailice"},"content":{"rendered":"<p>La demie-alliance Mailice en or 18 carats est une alliance magnifique et \u00e9blouissante. Elle est sertie de diamants de diff\u00e9rentes tailles pour un caratage total de 0,20 carats, 0,25 carats, 0,25 carats et 0,45 carats, selon le mod\u00e8le choisi. Le nombre de diamants varie \u00e9galement, avec 18, 19, 19 ou 15 diamants selon le mod\u00e8le. Vous avez le choix parmi les trois options de couleur : jaune, blanc et rose. Quelle que soit la variation que vous choisirez, cette demie-alliance sera un v\u00e9ritable joyau sur votre doigt, ajoutant une touche de glamour et d&rsquo;\u00e9clat \u00e0 votre style.<\/p>\n","protected":false},"excerpt":{"rendered":"<p>La demie-alliance Mailice en or 18 carats est une alliance magnifique et \u00e9blouissante. Elle est sertie de diamants de diff\u00e9rentes tailles pour un caratage total de<span class=\"excerpt-hellip\"> [\u2026]<\/span><\/p>\n","protected":false},"featured_media":990,"template":"","meta":{"_seopress_robots_primary_cat":"","_seopress_titles_title":"","_seopress_titles_desc":"","_seopress_robots_index":"","_seopress_analysis_target_kw":"","iawp_total_views":3},"product_brand":[],"product_cat":[78],"product_tag":[],"class_list":{"0":"post-31238","1":"product","2":"type-product","3":"status-publish","4":"has-post-thumbnail","6":"product_cat-bagues-diamants","8":"first","9":"instock","10":"shipping-taxable","11":"purchasable","12":"product-type-variable"},"_links":{"self":[{"href":"https:\/\/www.tc26-bijoux.com\/index.php?rest_route=\/wp\/v2\/product\/31238","targetHints":{"allow":["GET"]}}],"collection":[{"href":"https:\/\/www.tc26-bijoux.com\/index.php?rest_route=\/wp\/v2\/product"}],"about":[{"href":"https:\/\/www.tc26-bijoux.com\/index.php?rest_route=\/wp\/v2\/types\/product"}],"wp:featuredmedia":[{"embeddable":true,"href":"https:\/\/www.tc26-bijoux.com\/index.php?rest_route=\/wp\/v2\/media\/990"}],"wp:attachment":[{"href":"https:\/\/www.tc26-bijoux.com\/index.php?rest_route=%2Fwp%2Fv2%2Fmedia&parent=31238"}],"wp:term":[{"taxonomy":"product_brand","embeddable":true,"href":"https:\/\/www.tc26-bijoux.com\/index.php?rest_route=%2Fwp%2Fv2%2Fproduct_brand&post=31238"},{"taxonomy":"product_cat","embeddable":true,"href":"https:\/\/www.tc26-bijoux.com\/index.php?rest_route=%2Fwp%2Fv2%2Fproduct_cat&post=31238"},{"taxonomy":"product_tag","embeddable":true,"href":"https:\/\/www.tc26-bijoux.com\/index.php?rest_route=%2Fwp%2Fv2%2Fproduct_tag&post=31238"}],"curies":[{"name":"wp","href":"https:\/\/api.w.org\/{rel}","templated":true}]}}